{"id":6436,"date":"2022-04-28T10:13:20","date_gmt":"2022-04-28T08:13:20","guid":{"rendered":"http:\/\/campinglidosalpi.it\/cenni-storici\/"},"modified":"2022-05-19T12:10:07","modified_gmt":"2022-05-19T10:10:07","slug":"histoire","status":"publish","type":"page","link":"https:\/\/campinglidosalpi.it\/fr\/histoire\/","title":{"rendered":"Histoire"},"content":{"rendered":"<div class=\"fusion-fullwidth fullwidth-box fusion-builder-row-1 fusion-flex-container nonhundred-percent-fullwidth non-hundred-percent-height-scrolling\" style=\"--awb-border-radius-top-left:0px;--awb-border-radius-top-right:0px;--awb-border-radius-bottom-right:0px;--awb-border-radius-bottom-left:0px;--awb-padding-right:18vw;--awb-padding-left:18vw;--awb-flex-wrap:wrap;\" ><div class=\"fusion-builder-row fusion-row fusion-flex-align-items-flex-start fusion-flex-content-wrap\" style=\"max-width:2080px;margin-left: calc(-4% \/ 2 );margin-right: calc(-4% \/ 2 );\"><div class=\"fusion-layout-column fusion_builder_column fusion-builder-column-0 fusion_builder_column_1_1 1_1 fusion-flex-column\" style=\"--awb-bg-size:cover;--awb-width-large:100%;--awb-margin-top-large:0px;--awb-spacing-right-large:1.92%;--awb-margin-bottom-large:20px;--awb-spacing-left-large:1.92%;--awb-width-medium:100%;--awb-order-medium:0;--awb-spacing-right-medium:1.92%;--awb-spacing-left-medium:1.92%;--awb-width-small:100%;--awb-order-small:0;--awb-spacing-right-small:1.92%;--awb-spacing-left-small:1.92%;\"><div class=\"fusion-column-wrapper fusion-column-has-shadow fusion-flex-justify-content-flex-start fusion-content-layout-column\"><div class=\"fusion-title title fusion-title-1 fusion-sep-none fusion-title-center fusion-title-text fusion-title-size-two\" style=\"--awb-text-color:var(--awb-color4);--awb-font-size:30px;\"><h2 class=\"fusion-title-heading title-heading-center\" style=\"font-family:&quot;Signika&quot;;font-style:normal;font-weight:300;margin:0;font-size:1em;\">Pourquoi SALPI<\/h2><\/div><div class=\"fusion-title title fusion-title-2 fusion-sep-none fusion-title-center fusion-title-text fusion-title-size-three\" style=\"--awb-text-color:#8d8d8d;--awb-margin-bottom:30px;--awb-font-size:24px;\"><h3 class=\"fusion-title-heading title-heading-center\" style=\"font-family:&quot;Signika&quot;;font-style:normal;font-weight:400;margin:0;font-size:1em;\">Vos vacances dans des endroits merveilleux, se d\u00e9tendre et une faune abondante.<\/h3><\/div><div class=\"fusion-image-carousel fusion-image-carousel-auto fusion-image-carousel-1 fusion-carousel-border\"><div class=\"awb-carousel awb-swiper awb-swiper-carousel\" data-autoplay=\"no\" data-columns=\"2\" data-itemmargin=\"10\" data-itemwidth=\"180\" data-touchscroll=\"no\" data-imagesize=\"auto\" style=\"--awb-columns:2;--awb-column-spacing:10px;\"><div class=\"swiper-wrapper awb-image-carousel-wrapper fusion-flex-align-items-center\"><div class=\"swiper-slide\"><div class=\"fusion-carousel-item-wrapper\"><div class=\"fusion-image-wrapper hover-type-none\"><img decoding=\"async\" width=\"470\" height=\"235\" src=\"https:\/\/campinglidosalpi.it\/wp-content\/uploads\/2022\/04\/img_interna03.jpg\" class=\"attachment-full size-full\" alt=\"\" srcset=\"https:\/\/campinglidosalpi.it\/wp-content\/uploads\/2022\/04\/img_interna03-200x100.jpg 200w, https:\/\/campinglidosalpi.it\/wp-content\/uploads\/2022\/04\/img_interna03-400x200.jpg 400w, https:\/\/campinglidosalpi.it\/wp-content\/uploads\/2022\/04\/img_interna03.jpg 470w\" sizes=\"(min-width: 2200px) 100vw, (min-width: 712px) 784px, (min-width: 640px) 712px, \" \/><\/div><\/div><\/div><div class=\"swiper-slide\"><div class=\"fusion-carousel-item-wrapper\"><div class=\"fusion-image-wrapper hover-type-none\"><img decoding=\"async\" width=\"470\" height=\"235\" src=\"https:\/\/campinglidosalpi.it\/wp-content\/uploads\/2022\/04\/img_interna04.jpg\" class=\"attachment-full size-full\" alt=\"\" srcset=\"https:\/\/campinglidosalpi.it\/wp-content\/uploads\/2022\/04\/img_interna04-200x100.jpg 200w, https:\/\/campinglidosalpi.it\/wp-content\/uploads\/2022\/04\/img_interna04-400x200.jpg 400w, https:\/\/campinglidosalpi.it\/wp-content\/uploads\/2022\/04\/img_interna04.jpg 470w\" sizes=\"(min-width: 2200px) 100vw, (min-width: 712px) 784px, (min-width: 640px) 712px, \" \/><\/div><\/div><\/div><\/div><\/div><\/div><div class=\"fusion-text fusion-text-1\" style=\"--awb-content-alignment:justify;--awb-font-size:18px;--awb-line-height:30px;--awb-text-transform:none;--awb-text-color:var(--awb-color6);--awb-text-font-family:&quot;Signika&quot;;--awb-text-font-style:normal;--awb-text-font-weight:300;\"><p>Le lac de Salpi, dans le d\u00e9partment de Foggia sur la cote sud du Gargano, de forme rectangulaire s\u00e9par\u00e9 de l&rsquo;adriatique par une \u00e9ntroite langue de terre, aux deux cotes duquel deux petites canaux le mettent en communication avec la mer. Sa superficie \u00e9tait d&rsquo;environ 37Km2, avec les assainissements du si\u00e9cle dernier, il a \u00e9t\u00e9 remarquablement raman\u00e9 \u00e0 de justes proportions. Les terrains r\u00e9cup\u00e9r\u00e9s, ont laiss\u00e9 place \u00e0 l&rsquo;actuelle saline de Margherita de Savoie et en Petites parties \u00e0 cultures agricoles. Sur le Board accidentel, c&rsquo;est \u00e0 dire celui oppos\u00e9 \u00e0 la mer, \u00e9tait, antiquement entour\u00e9 de forets richen en gibier, justement ici, Fr\u00e9d\u00e9ric II de Su\u00e8de, amaint dresser ses faucons de chasse. Son nom \u00ab\u00a0SALPI\u00a0\u00bb prend naissance dans l&rsquo;antique ville de Apulia \u00ab\u00a0SALAPIA\u00a0\u00bb, qui s&rsquo;\u00e9tendait, precis\u00e9ment sur la berge m\u00e9ridionale du lac. La fondation de cette ville est attribu\u00e9e, d&rsquo;apr\u00e8s la l\u00e9gend \u00e0 Diom\u00e8de.<\/p>\n<p>La ville de Salapia, se dressa d&rsquo;abord sur la bande de terre entre le lac et la mer, puis fut abandonn\u00e9e \u00e0 cause de la malaria et fut reconstruite, probablement au II si\u00e8cle a.c. pr\u00e8s de l&rsquo;angle occidental du lac Salapia, est \u00e9voqu\u00e9e aussi en occup\u00e9e pendant 6 ans par le carthaginois.<\/p>\n<\/div><\/div><\/div><\/div><\/div>\n","protected":false},"excerpt":{"rendered":"","protected":false},"author":4,"featured_media":0,"parent":0,"menu_order":0,"comment_status":"closed","ping_status":"closed","template":"","meta":{"footnotes":""},"acf":[],"_links":{"self":[{"href":"https:\/\/campinglidosalpi.it\/fr\/wp-json\/wp\/v2\/pages\/6436"}],"collection":[{"href":"https:\/\/campinglidosalpi.it\/fr\/wp-json\/wp\/v2\/pages"}],"about":[{"href":"https:\/\/campinglidosalpi.it\/fr\/wp-json\/wp\/v2\/types\/page"}],"author":[{"embeddable":true,"href":"https:\/\/campinglidosalpi.it\/fr\/wp-json\/wp\/v2\/users\/4"}],"replies":[{"embeddable":true,"href":"https:\/\/campinglidosalpi.it\/fr\/wp-json\/wp\/v2\/comments?post=6436"}],"version-history":[{"count":2,"href":"https:\/\/campinglidosalpi.it\/fr\/wp-json\/wp\/v2\/pages\/6436\/revisions"}],"predecessor-version":[{"id":6442,"href":"https:\/\/campinglidosalpi.it\/fr\/wp-json\/wp\/v2\/pages\/6436\/revisions\/6442"}],"wp:attachment":[{"href":"https:\/\/campinglidosalpi.it\/fr\/wp-json\/wp\/v2\/media?parent=6436"}],"curies":[{"name":"wp","href":"https:\/\/api.w.org\/{rel}","templated":true}]}}