{"id":6386,"date":"2022-04-06T13:32:09","date_gmt":"2022-04-06T11:32:09","guid":{"rendered":"http:\/\/campinglidosalpi.it\/itinerari-post\/"},"modified":"2022-05-19T15:03:23","modified_gmt":"2022-05-19T13:03:23","slug":"itineraires-post","status":"publish","type":"page","link":"https:\/\/campinglidosalpi.it\/fr\/itineraires-post\/","title":{"rendered":"Itin\u00e8raires"},"content":{"rendered":"<div class=\"fusion-fullwidth fullwidth-box fusion-builder-row-1 fusion-flex-container nonhundred-percent-fullwidth non-hundred-percent-height-scrolling\" style=\"--awb-border-radius-top-left:0px;--awb-border-radius-top-right:0px;--awb-border-radius-bottom-right:0px;--awb-border-radius-bottom-left:0px;--awb-padding-right:18vw;--awb-padding-left:18vw;--awb-flex-wrap:wrap;\" ><div class=\"fusion-builder-row fusion-row fusion-flex-align-items-flex-start fusion-flex-content-wrap\" style=\"max-width:2080px;margin-left: calc(-4% \/ 2 );margin-right: calc(-4% \/ 2 );\"><div class=\"fusion-layout-column fusion_builder_column fusion-builder-column-0 fusion_builder_column_1_1 1_1 fusion-flex-column\" style=\"--awb-bg-size:cover;--awb-width-large:100%;--awb-margin-top-large:0px;--awb-spacing-right-large:1.92%;--awb-margin-bottom-large:20px;--awb-spacing-left-large:1.92%;--awb-width-medium:100%;--awb-order-medium:0;--awb-spacing-right-medium:1.92%;--awb-spacing-left-medium:1.92%;--awb-width-small:100%;--awb-order-small:0;--awb-spacing-right-small:1.92%;--awb-spacing-left-small:1.92%;\"><div class=\"fusion-column-wrapper fusion-column-has-shadow fusion-flex-justify-content-flex-start fusion-content-layout-column\"><div class=\"fusion-post-cards fusion-post-cards-1 fusion-grid-archive fusion-grid-columns-1\" style=\"--awb-column-spacing:0px;--awb-columns:1;--awb-row-spacing:10px;\"><ul class=\"fusion-grid fusion-grid-1 fusion-flex-align-items-flex-start fusion-grid-posts-cards\"><li class=\"fusion-layout-column fusion_builder_column fusion-builder-column-1 fusion-flex-column post-card fusion-grid-column fusion-post-cards-grid-column\" style=\"--awb-bg-blend:overlay;--awb-bg-size:cover;\"><div class=\"fusion-column-wrapper fusion-flex-justify-content-flex-start fusion-content-layout-column\"><div class=\"fusion-builder-row fusion-builder-row-inner fusion-row fusion-flex-align-items-flex-start fusion-flex-content-wrap\" style=\"width:104% !important;max-width:104% !important;margin-left: calc(-4% \/ 2 );margin-right: calc(-4% \/ 2 );\"><div class=\"fusion-layout-column fusion_builder_column_inner fusion-builder-nested-column-0 fusion_builder_column_inner_1_3 1_3 fusion-flex-column\" style=\"--awb-bg-size:cover;--awb-width-large:33.333333333333%;--awb-margin-top-large:0px;--awb-spacing-right-large:5.76%;--awb-margin-bottom-large:20px;--awb-spacing-left-large:5.76%;--awb-width-medium:33.333333333333%;--awb-order-medium:0;--awb-spacing-right-medium:5.76%;--awb-spacing-left-medium:5.76%;--awb-width-small:100%;--awb-order-small:0;--awb-spacing-right-small:1.92%;--awb-spacing-left-small:1.92%;\"><div class=\"fusion-column-wrapper fusion-column-has-shadow fusion-flex-justify-content-flex-start fusion-content-layout-column\"><div class=\"fusion-classic-product-image-wrapper fusion-woo-product-image fusion-post-card-image fusion-post-card-image-1\" data-layout=\"static\" style=\"--awb-border-radius-top-left:4px;--awb-border-radius-top-right:4px;--awb-border-radius-bottom-right:4px;--awb-border-radius-bottom-left:4px;\"><div  class=\"fusion-image-wrapper\" aria-haspopup=\"true\">\n\t\t\t\t\t\t\t<a href=\"https:\/\/campinglidosalpi.it\/fr\/itineraires\/san-giovanni-rotondo-monte-santangelo\/\" aria-label=\"San Giovanni Rotondo &#8211; Monte Sant&rsquo;angelo\">\n\t\t\t\t\t\t\t<img decoding=\"async\" width=\"470\" height=\"235\" src=\"https:\/\/campinglidosalpi.it\/wp-content\/uploads\/2022\/04\/timthumb-11-4.jpg\" class=\"attachment-full size-full wp-post-image\" alt=\"\" srcset=\"https:\/\/campinglidosalpi.it\/wp-content\/uploads\/2022\/04\/timthumb-11-4-200x100.jpg 200w, https:\/\/campinglidosalpi.it\/wp-content\/uploads\/2022\/04\/timthumb-11-4-400x200.jpg 400w, https:\/\/campinglidosalpi.it\/wp-content\/uploads\/2022\/04\/timthumb-11-4.jpg 470w\" sizes=\"(min-width: 2200px) 100vw, (min-width: 640px) 2000px, \" \/>\t\t\t<\/a>\n\t\t\t\t\t\t\t<\/div>\n<\/div><\/div><\/div><div class=\"fusion-layout-column fusion_builder_column_inner fusion-builder-nested-column-1 fusion_builder_column_inner_2_3 2_3 fusion-flex-column\" style=\"--awb-bg-size:cover;--awb-border-color:#e2e2e2;--awb-border-bottom:1px;--awb-border-style:dotted;--awb-width-large:66.666666666667%;--awb-margin-top-large:0px;--awb-spacing-right-large:2.88%;--awb-margin-bottom-large:20px;--awb-spacing-left-large:2.88%;--awb-width-medium:66.666666666667%;--awb-order-medium:0;--awb-spacing-right-medium:2.88%;--awb-spacing-left-medium:2.88%;--awb-width-small:100%;--awb-order-small:0;--awb-spacing-right-small:1.92%;--awb-spacing-left-small:1.92%;\"><div class=\"fusion-column-wrapper fusion-column-has-shadow fusion-flex-justify-content-flex-start fusion-content-layout-column\"><div class=\"fusion-title title fusion-title-1 fusion-sep-none fusion-title-text fusion-title-size-two\" style=\"--awb-text-color:var(--awb-color4);--awb-link-color:var(--awb-color4);--awb-font-size:24px;\"><h2 class=\"fusion-title-heading title-heading-left\" style=\"font-family:&quot;Signika&quot;;font-style:normal;font-weight:300;margin:0;font-size:1em;\"><a href=\"https:\/\/campinglidosalpi.it\/fr\/itineraires\/san-giovanni-rotondo-monte-santangelo\/\" class=\"awb-custom-text-color awb-custom-text-hover-color\" target=\"_self\">San Giovanni Rotondo &#8211; Monte Sant&rsquo;angelo<\/a><\/h2><\/div><div class=\"fusion-text fusion-text-1\" style=\"--awb-font-size:18px;--awb-line-height:30px;--awb-text-transform:none;--awb-text-color:var(--awb-color6);--awb-text-font-family:&quot;Signika&quot;;--awb-text-font-style:normal;--awb-text-font-weight:300;\"><p>Monte Sant\u2019Angelo \u00e0 plus de 800m de haut, se dresse \u00e0 dominer la Plaine \u00e0 ouest...<\/p>\n<\/div><\/div><\/div><\/div><\/div><\/li>\n<li class=\"fusion-layout-column fusion_builder_column fusion-builder-column-2 fusion-flex-column post-card fusion-grid-column fusion-post-cards-grid-column\" style=\"--awb-bg-blend:overlay;--awb-bg-size:cover;\"><div class=\"fusion-column-wrapper fusion-flex-justify-content-flex-start fusion-content-layout-column\"><div class=\"fusion-builder-row fusion-builder-row-inner fusion-row fusion-flex-align-items-flex-start fusion-flex-content-wrap\" style=\"width:104% !important;max-width:104% !important;margin-left: calc(-4% \/ 2 );margin-right: calc(-4% \/ 2 );\"><div class=\"fusion-layout-column fusion_builder_column_inner fusion-builder-nested-column-2 fusion_builder_column_inner_1_3 1_3 fusion-flex-column\" style=\"--awb-bg-size:cover;--awb-width-large:33.333333333333%;--awb-margin-top-large:0px;--awb-spacing-right-large:5.76%;--awb-margin-bottom-large:20px;--awb-spacing-left-large:5.76%;--awb-width-medium:33.333333333333%;--awb-order-medium:0;--awb-spacing-right-medium:5.76%;--awb-spacing-left-medium:5.76%;--awb-width-small:100%;--awb-order-small:0;--awb-spacing-right-small:1.92%;--awb-spacing-left-small:1.92%;\"><div class=\"fusion-column-wrapper fusion-column-has-shadow fusion-flex-justify-content-flex-start fusion-content-layout-column\"><div class=\"fusion-classic-product-image-wrapper fusion-woo-product-image fusion-post-card-image fusion-post-card-image-1\" data-layout=\"static\" style=\"--awb-border-radius-top-left:4px;--awb-border-radius-top-right:4px;--awb-border-radius-bottom-right:4px;--awb-border-radius-bottom-left:4px;\"><div  class=\"fusion-image-wrapper\" aria-haspopup=\"true\">\n\t\t\t\t\t\t\t<a href=\"https:\/\/campinglidosalpi.it\/fr\/itineraires\/escursione-a-mattinata-vieste-foresta-umbra\/\" aria-label=\"Escursione a Mattinata, Vieste, Foresta Umbra.\">\n\t\t\t\t\t\t\t<img decoding=\"async\" width=\"470\" height=\"235\" src=\"https:\/\/campinglidosalpi.it\/wp-content\/uploads\/2022\/04\/timthumb-1.gif\" class=\"attachment-full size-full wp-post-image\" alt=\"\" \/>\t\t\t<\/a>\n\t\t\t\t\t\t\t<\/div>\n<\/div><\/div><\/div><div class=\"fusion-layout-column fusion_builder_column_inner fusion-builder-nested-column-3 fusion_builder_column_inner_2_3 2_3 fusion-flex-column\" style=\"--awb-bg-size:cover;--awb-border-color:#e2e2e2;--awb-border-bottom:1px;--awb-border-style:dotted;--awb-width-large:66.666666666667%;--awb-margin-top-large:0px;--awb-spacing-right-large:2.88%;--awb-margin-bottom-large:20px;--awb-spacing-left-large:2.88%;--awb-width-medium:66.666666666667%;--awb-order-medium:0;--awb-spacing-right-medium:2.88%;--awb-spacing-left-medium:2.88%;--awb-width-small:100%;--awb-order-small:0;--awb-spacing-right-small:1.92%;--awb-spacing-left-small:1.92%;\"><div class=\"fusion-column-wrapper fusion-column-has-shadow fusion-flex-justify-content-flex-start fusion-content-layout-column\"><div class=\"fusion-title title fusion-title-2 fusion-sep-none fusion-title-text fusion-title-size-two\" style=\"--awb-text-color:var(--awb-color4);--awb-link-color:var(--awb-color4);--awb-font-size:24px;\"><h2 class=\"fusion-title-heading title-heading-left\" style=\"font-family:&quot;Signika&quot;;font-style:normal;font-weight:300;margin:0;font-size:1em;\"><a href=\"https:\/\/campinglidosalpi.it\/fr\/itineraires\/escursione-a-mattinata-vieste-foresta-umbra\/\" class=\"awb-custom-text-color awb-custom-text-hover-color\" target=\"_self\">Escursione a Mattinata, Vieste, Foresta Umbra.<\/a><\/h2><\/div><div class=\"fusion-text fusion-text-2\" style=\"--awb-font-size:18px;--awb-line-height:30px;--awb-text-transform:none;--awb-text-color:var(--awb-color6);--awb-text-font-family:&quot;Signika&quot;;--awb-text-font-style:normal;--awb-text-font-weight:300;\"><p>Qui n\u2019a jamais d\u00e9sir\u00e9 faire un voyage dans le temps ?<\/p>\n<\/div><\/div><\/div><\/div><\/div><\/li>\n<li class=\"fusion-layout-column fusion_builder_column fusion-builder-column-3 fusion-flex-column post-card fusion-grid-column fusion-post-cards-grid-column\" style=\"--awb-bg-blend:overlay;--awb-bg-size:cover;\"><div class=\"fusion-column-wrapper fusion-flex-justify-content-flex-start fusion-content-layout-column\"><div class=\"fusion-builder-row fusion-builder-row-inner fusion-row fusion-flex-align-items-flex-start fusion-flex-content-wrap\" style=\"width:104% !important;max-width:104% !important;margin-left: calc(-4% \/ 2 );margin-right: calc(-4% \/ 2 );\"><div class=\"fusion-layout-column fusion_builder_column_inner fusion-builder-nested-column-4 fusion_builder_column_inner_1_3 1_3 fusion-flex-column\" style=\"--awb-bg-size:cover;--awb-width-large:33.333333333333%;--awb-margin-top-large:0px;--awb-spacing-right-large:5.76%;--awb-margin-bottom-large:20px;--awb-spacing-left-large:5.76%;--awb-width-medium:33.333333333333%;--awb-order-medium:0;--awb-spacing-right-medium:5.76%;--awb-spacing-left-medium:5.76%;--awb-width-small:100%;--awb-order-small:0;--awb-spacing-right-small:1.92%;--awb-spacing-left-small:1.92%;\"><div class=\"fusion-column-wrapper fusion-column-has-shadow fusion-flex-justify-content-flex-start fusion-content-layout-column\"><div class=\"fusion-classic-product-image-wrapper fusion-woo-product-image fusion-post-card-image fusion-post-card-image-1\" data-layout=\"static\" style=\"--awb-border-radius-top-left:4px;--awb-border-radius-top-right:4px;--awb-border-radius-bottom-right:4px;--awb-border-radius-bottom-left:4px;\"><div  class=\"fusion-image-wrapper\" aria-haspopup=\"true\">\n\t\t\t\t\t\t\t<a href=\"https:\/\/campinglidosalpi.it\/fr\/itineraires\/le-bellezze-di-manfredonia\/\" aria-label=\"Le Bellezze di Manfredonia\">\n\t\t\t\t\t\t\t<img decoding=\"async\" width=\"470\" height=\"235\" src=\"https:\/\/campinglidosalpi.it\/wp-content\/uploads\/2022\/04\/timthumb-6-6.jpg\" class=\"attachment-full size-full wp-post-image\" alt=\"\" srcset=\"https:\/\/campinglidosalpi.it\/wp-content\/uploads\/2022\/04\/timthumb-6-6-200x100.jpg 200w, https:\/\/campinglidosalpi.it\/wp-content\/uploads\/2022\/04\/timthumb-6-6-400x200.jpg 400w, https:\/\/campinglidosalpi.it\/wp-content\/uploads\/2022\/04\/timthumb-6-6.jpg 470w\" sizes=\"(min-width: 2200px) 100vw, (min-width: 640px) 2000px, \" \/>\t\t\t<\/a>\n\t\t\t\t\t\t\t<\/div>\n<\/div><\/div><\/div><div class=\"fusion-layout-column fusion_builder_column_inner fusion-builder-nested-column-5 fusion_builder_column_inner_2_3 2_3 fusion-flex-column\" style=\"--awb-bg-size:cover;--awb-border-color:#e2e2e2;--awb-border-bottom:1px;--awb-border-style:dotted;--awb-width-large:66.666666666667%;--awb-margin-top-large:0px;--awb-spacing-right-large:2.88%;--awb-margin-bottom-large:20px;--awb-spacing-left-large:2.88%;--awb-width-medium:66.666666666667%;--awb-order-medium:0;--awb-spacing-right-medium:2.88%;--awb-spacing-left-medium:2.88%;--awb-width-small:100%;--awb-order-small:0;--awb-spacing-right-small:1.92%;--awb-spacing-left-small:1.92%;\"><div class=\"fusion-column-wrapper fusion-column-has-shadow fusion-flex-justify-content-flex-start fusion-content-layout-column\"><div class=\"fusion-title title fusion-title-3 fusion-sep-none fusion-title-text fusion-title-size-two\" style=\"--awb-text-color:var(--awb-color4);--awb-link-color:var(--awb-color4);--awb-font-size:24px;\"><h2 class=\"fusion-title-heading title-heading-left\" style=\"font-family:&quot;Signika&quot;;font-style:normal;font-weight:300;margin:0;font-size:1em;\"><a href=\"https:\/\/campinglidosalpi.it\/fr\/itineraires\/le-bellezze-di-manfredonia\/\" class=\"awb-custom-text-color awb-custom-text-hover-color\" target=\"_self\">Le Bellezze di Manfredonia<\/a><\/h2><\/div><div class=\"fusion-text fusion-text-3\" style=\"--awb-font-size:18px;--awb-line-height:30px;--awb-text-transform:none;--awb-text-color:var(--awb-color6);--awb-text-font-family:&quot;Signika&quot;;--awb-text-font-style:normal;--awb-text-font-weight:300;\"><p>Manfredonia se trouve au bord du \u00ab Tavoliere \u00bb de Pouilles, sur la c\u00f4te du golfe du m\u00eame nom. .<\/p>\n<\/div><\/div><\/div><\/div><\/div><\/li>\n<li class=\"fusion-layout-column fusion_builder_column fusion-builder-column-4 fusion-flex-column post-card fusion-grid-column fusion-post-cards-grid-column\" style=\"--awb-bg-blend:overlay;--awb-bg-size:cover;\"><div class=\"fusion-column-wrapper fusion-flex-justify-content-flex-start fusion-content-layout-column\"><div class=\"fusion-builder-row fusion-builder-row-inner fusion-row fusion-flex-align-items-flex-start fusion-flex-content-wrap\" style=\"width:104% !important;max-width:104% !important;margin-left: calc(-4% \/ 2 );margin-right: calc(-4% \/ 2 );\"><div class=\"fusion-layout-column fusion_builder_column_inner fusion-builder-nested-column-6 fusion_builder_column_inner_1_3 1_3 fusion-flex-column\" style=\"--awb-bg-size:cover;--awb-width-large:33.333333333333%;--awb-margin-top-large:0px;--awb-spacing-right-large:5.76%;--awb-margin-bottom-large:20px;--awb-spacing-left-large:5.76%;--awb-width-medium:33.333333333333%;--awb-order-medium:0;--awb-spacing-right-medium:5.76%;--awb-spacing-left-medium:5.76%;--awb-width-small:100%;--awb-order-small:0;--awb-spacing-right-small:1.92%;--awb-spacing-left-small:1.92%;\"><div class=\"fusion-column-wrapper fusion-column-has-shadow fusion-flex-justify-content-flex-start fusion-content-layout-column\"><div class=\"fusion-classic-product-image-wrapper fusion-woo-product-image fusion-post-card-image fusion-post-card-image-1\" data-layout=\"static\" style=\"--awb-border-radius-top-left:4px;--awb-border-radius-top-right:4px;--awb-border-radius-bottom-right:4px;--awb-border-radius-bottom-left:4px;\"><div  class=\"fusion-image-wrapper\" aria-haspopup=\"true\">\n\t\t\t\t\t\t\t<a href=\"https:\/\/campinglidosalpi.it\/fr\/itineraires\/barletta-andria-castel-del-monte\/\" aria-label=\"Barletta- Andria- Castel del Monte\">\n\t\t\t\t\t\t\t<img decoding=\"async\" width=\"470\" height=\"235\" src=\"https:\/\/campinglidosalpi.it\/wp-content\/uploads\/2022\/04\/timthumb-7-6.jpg\" class=\"attachment-full size-full wp-post-image\" alt=\"\" srcset=\"https:\/\/campinglidosalpi.it\/wp-content\/uploads\/2022\/04\/timthumb-7-6-200x100.jpg 200w, https:\/\/campinglidosalpi.it\/wp-content\/uploads\/2022\/04\/timthumb-7-6-400x200.jpg 400w, https:\/\/campinglidosalpi.it\/wp-content\/uploads\/2022\/04\/timthumb-7-6.jpg 470w\" sizes=\"(min-width: 2200px) 100vw, (min-width: 640px) 2000px, \" \/>\t\t\t<\/a>\n\t\t\t\t\t\t\t<\/div>\n<\/div><\/div><\/div><div class=\"fusion-layout-column fusion_builder_column_inner fusion-builder-nested-column-7 fusion_builder_column_inner_2_3 2_3 fusion-flex-column\" style=\"--awb-bg-size:cover;--awb-border-color:#e2e2e2;--awb-border-bottom:1px;--awb-border-style:dotted;--awb-width-large:66.666666666667%;--awb-margin-top-large:0px;--awb-spacing-right-large:2.88%;--awb-margin-bottom-large:20px;--awb-spacing-left-large:2.88%;--awb-width-medium:66.666666666667%;--awb-order-medium:0;--awb-spacing-right-medium:2.88%;--awb-spacing-left-medium:2.88%;--awb-width-small:100%;--awb-order-small:0;--awb-spacing-right-small:1.92%;--awb-spacing-left-small:1.92%;\"><div class=\"fusion-column-wrapper fusion-column-has-shadow fusion-flex-justify-content-flex-start fusion-content-layout-column\"><div class=\"fusion-title title fusion-title-4 fusion-sep-none fusion-title-text fusion-title-size-two\" style=\"--awb-text-color:var(--awb-color4);--awb-link-color:var(--awb-color4);--awb-font-size:24px;\"><h2 class=\"fusion-title-heading title-heading-left\" style=\"font-family:&quot;Signika&quot;;font-style:normal;font-weight:300;margin:0;font-size:1em;\"><a href=\"https:\/\/campinglidosalpi.it\/fr\/itineraires\/barletta-andria-castel-del-monte\/\" class=\"awb-custom-text-color awb-custom-text-hover-color\" target=\"_self\">Barletta- Andria- Castel del Monte<\/a><\/h2><\/div><div class=\"fusion-text fusion-text-4\" style=\"--awb-font-size:18px;--awb-line-height:30px;--awb-text-transform:none;--awb-text-color:var(--awb-color6);--awb-text-font-family:&quot;Signika&quot;;--awb-text-font-style:normal;--awb-text-font-weight:300;\"><p>Barletta ville agricole, industrielle et commerciale de la c\u00f4te Murgia, situ\u00e9e \u00e0 la limite septentrionale de la Terre de Bari ...<\/p>\n<\/div><\/div><\/div><\/div><\/div><\/li>\n<\/ul><\/div><\/div><\/div><\/div><\/div>\n","protected":false},"excerpt":{"rendered":"","protected":false},"author":3,"featured_media":0,"parent":0,"menu_order":0,"comment_status":"closed","ping_status":"closed","template":"","meta":{"footnotes":""},"acf":[],"_links":{"self":[{"href":"https:\/\/campinglidosalpi.it\/fr\/wp-json\/wp\/v2\/pages\/6386"}],"collection":[{"href":"https:\/\/campinglidosalpi.it\/fr\/wp-json\/wp\/v2\/pages"}],"about":[{"href":"https:\/\/campinglidosalpi.it\/fr\/wp-json\/wp\/v2\/types\/page"}],"author":[{"embeddable":true,"href":"https:\/\/campinglidosalpi.it\/fr\/wp-json\/wp\/v2\/users\/3"}],"replies":[{"embeddable":true,"href":"https:\/\/campinglidosalpi.it\/fr\/wp-json\/wp\/v2\/comments?post=6386"}],"version-history":[{"count":1,"href":"https:\/\/campinglidosalpi.it\/fr\/wp-json\/wp\/v2\/pages\/6386\/revisions"}],"predecessor-version":[{"id":6389,"href":"https:\/\/campinglidosalpi.it\/fr\/wp-json\/wp\/v2\/pages\/6386\/revisions\/6389"}],"wp:attachment":[{"href":"https:\/\/campinglidosalpi.it\/fr\/wp-json\/wp\/v2\/media?parent=6386"}],"curies":[{"name":"wp","href":"https:\/\/api.w.org\/{rel}","templated":true}]}}