{"id":6372,"date":"2022-04-06T13:31:13","date_gmt":"2022-04-06T11:31:13","guid":{"rendered":"http:\/\/campinglidosalpi.it\/prezzi\/"},"modified":"2026-04-13T09:12:01","modified_gmt":"2026-04-13T07:12:01","slug":"prix","status":"publish","type":"page","link":"https:\/\/campinglidosalpi.it\/fr\/prix\/","title":{"rendered":"Prix"},"content":{"rendered":"<p><div class=\"fusion-fullwidth fullwidth-box fusion-builder-row-1 fusion-flex-container nonhundred-percent-fullwidth non-hundred-percent-height-scrolling\" style=\"--awb-border-radius-top-left:0px;--awb-border-radius-top-right:0px;--awb-border-radius-bottom-right:0px;--awb-border-radius-bottom-left:0px;--awb-padding-right:18vw;--awb-padding-left:18vw;--awb-flex-wrap:wrap;\" ><div class=\"fusion-builder-row fusion-row fusion-flex-align-items-flex-start fusion-flex-content-wrap\" style=\"max-width:2080px;margin-left: calc(-4% \/ 2 );margin-right: calc(-4% \/ 2 );\"><div class=\"fusion-layout-column fusion_builder_column fusion-builder-column-0 fusion_builder_column_1_1 1_1 fusion-flex-column\" style=\"--awb-bg-size:cover;--awb-width-large:100%;--awb-margin-top-large:0px;--awb-spacing-right-large:1.92%;--awb-margin-bottom-large:20px;--awb-spacing-left-large:1.92%;--awb-width-medium:100%;--awb-order-medium:0;--awb-spacing-right-medium:1.92%;--awb-spacing-left-medium:1.92%;--awb-width-small:100%;--awb-order-small:0;--awb-spacing-right-small:1.92%;--awb-spacing-left-small:1.92%;\"><div class=\"fusion-column-wrapper fusion-column-has-shadow fusion-flex-justify-content-flex-start fusion-content-layout-column\"><div class=\"fusion-title title fusion-title-1 fusion-sep-none fusion-title-text fusion-title-size-two\" style=\"--awb-text-color:#f97706;--awb-font-size:35px;\"><h2 class=\"fusion-title-heading title-heading-left\" style=\"font-family:&quot;Signika&quot;;font-style:normal;font-weight:300;margin:0;font-size:1em;\"><p style=\"text-align: center;\">Tarifs des campings<\/p><\/h2><\/div><div class=\"fusion-separator fusion-full-width-sep\" style=\"align-self: center;margin-left: auto;margin-right: auto;margin-top:20px;width:100%;\"><\/div>\n<div class=\"table-2\">\n<table border=\"0\" width=\"100%\">\n<tbody>\n<tr>\n<th><\/th>\n<th bgcolor=\"#faff0a\" width=\"16%\">01\/01 &#8211; 31\/05<br \/>\n01\/10 &#8211; 31\/12<\/th>\n<th bgcolor=\"#fcffaa\" width=\"16%\">01\/06 &#8211; 30\/06<br \/>\n01\/09 &#8211; 30\/09<\/th>\n<th bgcolor=\"#fbd6aa\" width=\"16%\">01\/07 &#8211; 31\/07<\/th>\n<th bgcolor=\"#f9d611\" width=\"16%\">01\/08 &#8211; 08\/08<br \/>\n23\/08 &#8211; 31\/08<\/th>\n<th bgcolor=\"#dddddd\" width=\"16%\">09\/08 &#8211; 22\/08<\/th>\n<\/tr>\n<tr>\n<td bgcolor=\"#d8ffff\">Emplacement caravane \/ tente \/ voiture<\/td>\n<td>\u20ac 5,00<\/td>\n<td>\u20ac 6,00<\/td>\n<td>\u20ac 7,00<\/td>\n<td>\u20ac 9,00<\/td>\n<td>\u20ac 13,00<\/td>\n<\/tr>\n<tr>\n<td bgcolor=\"#d8ffff\">Adultes<\/td>\n<td>\u20ac 5,00<\/td>\n<td>\u20ac 5,00<\/td>\n<td>\u20ac 7,00<\/td>\n<td>\u20ac 9,00<\/td>\n<td>\u20ac 11,00<\/td>\n<\/tr>\n<tr>\n<td bgcolor=\"#d8ffff\">Enfants de 3 \u00e0 8 ans<\/td>\n<td>\u20ac 3,00<\/td>\n<td>\u20ac 3,00<\/td>\n<td>\u20ac 3,00<\/td>\n<td>\u20ac 5,00<\/td>\n<td>\u20ac 5,00<\/td>\n<\/tr>\n<tr>\n<td bgcolor=\"#d8ffff\">\u00c9lectricit\u00e9 6 Amp<\/td>\n<td style=\"text-align: center;\" colspan=\"5\">\u20ac 5,00<\/td>\n<\/tr>\n<tr>\n<td colspan=\"6\" bgcolor=\"#d8ffff\"><\/td>\n<\/tr>\n<tr>\n<td bgcolor=\"#d8ffff\">2\u00e8me voiture<\/td>\n<td>\u20ac 5,00<\/td>\n<td>\u20ac 5,00<\/td>\n<td>\u20ac 53,00<\/td>\n<td>\u20ac 5,00<\/td>\n<td>\u20ac 7,00<\/td>\n<\/tr>\n<tr>\n<td bgcolor=\"#d8ffff\">Autobus<\/td>\n<td>\u20ac 25,00<\/td>\n<td>\u20ac 25,00<\/td>\n<td>\u20ac 30,00<\/td>\n<td>\u20ac 30,00<\/td>\n<td>\u20ac 40,00<\/td>\n<\/tr>\n<tr>\n<td bgcolor=\"#d8ffff\">Autobus + remorque<\/td>\n<td>\u20ac 30,00<\/td>\n<td>\u20ac 30,00<\/td>\n<td>\u20ac 40,00<\/td>\n<td>\u20ac 40,00<\/td>\n<td>\u20ac 50,00<\/td>\n<\/tr>\n<tr>\n<td bgcolor=\"#d8ffff\">Visiteur journalier<\/td>\n<td style=\"text-align: center;\" colspan=\"5\">VOIR TARIFS INVIT\u00c9S ET VISITEURS<\/td>\n<\/tr>\n<tr>\n<td bgcolor=\"#d8ffff\">Chien<\/td>\n<td>Gratuit<\/td>\n<td>Gratuit<\/td>\n<td>\u20ac 2,00<\/td>\n<td>\u20ac 2,00<\/td>\n<td>\u20ac 2,00<\/td>\n<\/tr>\n<tr>\n<td bgcolor=\"#d8ffff\">Douche chaude<\/td>\n<td>Gratuit<\/td>\n<td>Gratuit<\/td>\n<td>Gratuit<\/td>\n<td>&#8211;<\/td>\n<td>&#8211;<\/td>\n<\/tr>\n<tr>\n<td colspan=\"6\" bgcolor=\"#d6e9ff\">ESPACE CAMPING-CAR<\/td>\n<\/tr>\n<tr>\n<td bgcolor=\"#d6e9ff\">JOUR + NUIT pour \u00e9quipage (max 5 personnes)<br \/>\nInclus remplissage et vidange des eaux<\/td>\n<td>\u20ac 20,00<\/td>\n<td>\u20ac 20,00<\/td>\n<td>\u20ac 25,00<\/td>\n<td>\u20ac 30,00<\/td>\n<td>\u20ac 40,00<\/td>\n<\/tr>\n<tr>\n<td bgcolor=\"#d6e9ff\">SEULEMENT JOUR avec remplissage et vidange<br \/>\nDe 07h00 \u00e0 19h00<\/td>\n<td>\u20ac 10,00<\/td>\n<td>\u20ac 10,00<\/td>\n<td>\u20ac 10,00<\/td>\n<td>\u20ac 10,00<\/td>\n<td>\u20ac 15,00<\/td>\n<\/tr>\n<tr>\n<td bgcolor=\"#d6e9ff\">SERVICE CAMPING-CAR<br \/>\nRemplissage et vidange sans stationnement<\/td>\n<td>\u20ac 10,00<\/td>\n<td>\u20ac 10,00<\/td>\n<td>\u20ac 10,00<\/td>\n<td>\u20ac 10,00<\/td>\n<td>\u20ac 10,00<\/td>\n<\/tr>\n<tr>\n<td bgcolor=\"#d6e9ff\">FORMULE WEEK-END (hors \u00e9lectricit\u00e9)<br \/>\nArriv\u00e9e samedi matin, d\u00e9part dimanche apr\u00e8s-midi<\/td>\n<td>\u20ac 25,00<\/td>\n<td>\u20ac 30,00<\/td>\n<td>\u20ac 35,00<\/td>\n<td>\u20ac 40,00<\/td>\n<td>\u20ac 55,00<\/td>\n<\/tr>\n<\/tbody>\n<\/table>\n<\/div>\n<div class=\"fusion-text fusion-text-1\" style=\"--awb-font-size:18px;--awb-text-transform:none;--awb-text-color:var(--awb-color6);--awb-margin-top:30px;--awb-text-font-family:&quot;Signika&quot;;--awb-text-font-style:normal;--awb-text-font-weight:300;\"><p>LES TARIFS COMPRENNENT LA TAXE DE S\u00c9JOUR ET LES TAXES<\/p>\n<\/div><div style=\"text-align:center;\"><a class=\"fusion-button button-flat fusion-button-default-size button-default fusion-button-default button-1 fusion-button-default-span fusion-button-default-type\" target=\"_self\" href=\"https:\/\/campinglidosalpi.it\/wp-content\/uploads\/2025\/04\/PREZZI-CAMPEGGIO-2025.pdf\"><span class=\"fusion-button-text\"> T\u00e9l\u00e9charger la liste de prix<\/span><\/a><\/div><\/div><\/div><\/div><\/div><div class=\"fusion-fullwidth fullwidth-box fusion-builder-row-2 fusion-flex-container nonhundred-percent-fullwidth non-hundred-percent-height-scrolling\" style=\"--awb-border-radius-top-left:0px;--awb-border-radius-top-right:0px;--awb-border-radius-bottom-right:0px;--awb-border-radius-bottom-left:0px;--awb-padding-top:20px;--awb-padding-right:18vw;--awb-padding-left:18vw;--awb-background-color:#f1f1f1;--awb-flex-wrap:wrap;\" ><div class=\"fusion-builder-row fusion-row fusion-flex-align-items-flex-start fusion-flex-content-wrap\" style=\"max-width:2080px;margin-left: calc(-4% \/ 2 );margin-right: calc(-4% \/ 2 );\"><div class=\"fusion-layout-column fusion_builder_column fusion-builder-column-1 fusion_builder_column_1_1 1_1 fusion-flex-column\" style=\"--awb-bg-size:cover;--awb-width-large:100%;--awb-margin-top-large:0px;--awb-spacing-right-large:1.92%;--awb-margin-bottom-large:20px;--awb-spacing-left-large:1.92%;--awb-width-medium:100%;--awb-order-medium:0;--awb-spacing-right-medium:1.92%;--awb-spacing-left-medium:1.92%;--awb-width-small:100%;--awb-order-small:0;--awb-spacing-right-small:1.92%;--awb-spacing-left-small:1.92%;\"><div class=\"fusion-column-wrapper fusion-column-has-shadow fusion-flex-justify-content-flex-start fusion-content-layout-column\"><div class=\"fusion-title title fusion-title-2 fusion-sep-none fusion-title-text fusion-title-size-two\" style=\"--awb-text-color:#f97706;--awb-font-size:35px;\"><h2 class=\"fusion-title-heading title-heading-left\" style=\"font-family:&quot;Signika&quot;;font-style:normal;font-weight:300;margin:0;font-size:1em;\"><p style=\"text-align: center;\">Special Camping<\/p><\/h2><\/div><div class=\"fusion-text fusion-text-2\" style=\"--awb-font-size:18px;--awb-text-transform:none;--awb-text-color:var(--awb-color6);--awb-margin-top:30px;--awb-text-font-family:&quot;Signika&quot;;--awb-text-font-style:normal;--awb-text-font-weight:300;\"><p style=\"text-align: center;\"><strong>2 PERSONNES, VOITURE, CAMPING CAR<\/strong><\/p>\n<p style=\"text-align: center; font-size: 12px;\">ELECTRICITE\u2019 NON INCLUSE<\/p>\n<\/div><div class=\"fusion-text fusion-text-3\" style=\"--awb-font-size:18px;--awb-text-transform:none;--awb-text-color:var(--awb-color6);--awb-margin-top:30px;--awb-text-font-family:&quot;Signika&quot;;--awb-text-font-style:normal;--awb-text-font-weight:300;\"><p style=\"text-align: center;\"><strong>MAI &#8211; JUIN &#8211; SEPTEMBRE<\/strong> (01\/05 \u2013 30\/06) ( 01\/09 \u2013 30\/09)<\/p>\n<\/div><div class=\"fusion-separator fusion-full-width-sep\" style=\"align-self: center;margin-left: auto;margin-right: auto;margin-top:20px;width:100%;\"><\/div>\n<div class=\"table-1\">\n<table width=\"100%\">\n<thead>\n<tr>\n<th style=\"text-align: center;\" align=\"left\">7 Journ\u00e9es<\/th>\n<th style=\"text-align: center;\" align=\"left\">\u20ac 14,00 \/ journ\u00e9e<\/th>\n<\/tr>\n<\/thead>\n<tbody>\n<tr>\n<td style=\"text-align: center;\" align=\"left\"><strong>14 Journ\u00e9es<\/strong><\/td>\n<td style=\"text-align: center;\" align=\"left\"><strong>\u20ac 12,50 \/ journ\u00e9e<\/strong><\/td>\n<\/tr>\n<tr>\n<td style=\"text-align: center;\" align=\"left\"><strong>30 Journ\u00e9es<\/strong><\/td>\n<td style=\"text-align: center;\" align=\"left\"><strong>\u20ac9,00 \/ journ\u00e9e<\/strong><\/td>\n<\/tr>\n<\/tbody>\n<\/table>\n<\/div>\n<div class=\"fusion-separator fusion-full-width-sep\" style=\"align-self: center;margin-left: auto;margin-right: auto;margin-top:20px;width:100%;\"><\/div><div class=\"fusion-text fusion-text-4\" style=\"--awb-font-size:18px;--awb-text-transform:none;--awb-text-color:var(--awb-color6);--awb-margin-top:30px;--awb-text-font-family:&quot;Signika&quot;;--awb-text-font-style:normal;--awb-text-font-weight:300;\"><p style=\"text-align: center;\"><strong>D\u2019OCTOBRE A AVRIL<\/strong><\/p>\n<\/div><div class=\"fusion-separator fusion-full-width-sep\" style=\"align-self: center;margin-left: auto;margin-right: auto;margin-top:20px;width:100%;\"><\/div>\n<div class=\"table-1\">\n<table width=\"100%\">\n<thead>\n<tr>\n<th style=\"text-align: center;\" align=\"left\">3 Journ\u00e9es<\/th>\n<th style=\"text-align: center;\" align=\"left\">\u20ac 13,00 \/ journ\u00e9e<\/th>\n<\/tr>\n<\/thead>\n<tbody>\n<tr>\n<td style=\"text-align: center;\" align=\"left\"><strong>7 Journ\u00e9es<\/strong><\/td>\n<td style=\"text-align: center;\" align=\"left\"><strong>\u20ac 10,00\/ journ\u00e9e<\/strong><\/td>\n<\/tr>\n<tr>\n<td style=\"text-align: center;\" align=\"left\"><strong>14 Journ\u00e9es<\/strong><\/td>\n<td style=\"text-align: center;\" align=\"left\"><strong>\u20ac8,00 \/ journ\u00e9e<\/strong><\/td>\n<\/tr>\n<tr>\n<td style=\"text-align: center;\" align=\"left\"><strong>30 Journ\u00e9es<\/strong><\/td>\n<td style=\"text-align: center;\" align=\"left\"><strong>\u20ac6,00 \/ journ\u00e9e<\/strong><\/td>\n<\/tr>\n<\/tbody>\n<\/table>\n<\/div>\n<div class=\"fusion-separator fusion-full-width-sep\" style=\"align-self: center;margin-left: auto;margin-right: auto;margin-top:20px;width:100%;\"><\/div><div class=\"fusion-text fusion-text-5\" style=\"--awb-font-size:18px;--awb-text-transform:none;--awb-text-color:var(--awb-color6);--awb-margin-top:30px;--awb-text-font-family:&quot;Signika&quot;;--awb-text-font-style:normal;--awb-text-font-weight:300;\"><p style=\"text-align: center;\">\u00c9LECTRICIT\u00c9<\/p>\n<\/div><div class=\"fusion-separator fusion-full-width-sep\" style=\"align-self: center;margin-left: auto;margin-right: auto;margin-top:20px;width:100%;\"><\/div>\n<div class=\"table-1\">\n<table width=\"100%\">\n<thead>\n<tr>\n<th style=\"text-align: center;\" align=\"left\">6 Amper forfait<\/th>\n<th style=\"text-align: center;\" align=\"left\">\u20ac 5,00<\/th>\n<\/tr>\n<\/thead>\n<tbody>\n<tr>\n<td style=\"text-align: center;\" align=\"left\"><strong>\u00c9lectricit\u00e9 selon consommation<\/strong><\/p>\n<p style=\"font-size: 12px; margin-top: -10px;\">Seulement pendant de longiues periodes<\/p>\n<\/td>\n<td style=\"text-align: center;\" align=\"left\">\u00a0\u20ac 0,50\/kwh<\/td>\n<\/tr>\n<\/tbody>\n<\/table>\n<p>*Inclus dans le prix 6\/kwh. Pour consommation suppl. \u20ac 0,50\/kwh<\/p>\n<\/div>\n<div class=\"fusion-separator fusion-full-width-sep\" style=\"align-self: center;margin-left: auto;margin-right: auto;margin-top:20px;width:100%;\"><\/div><div class=\"fusion-text fusion-text-6\" style=\"--awb-font-size:18px;--awb-text-transform:none;--awb-text-color:var(--awb-color6);--awb-margin-top:30px;--awb-text-font-family:&quot;Signika&quot;;--awb-text-font-style:normal;--awb-text-font-weight:300;\"><p>LES TARIFS COMPRENNENT LA TAXE DE S\u00c9JOUR ET LES TAXES<\/p>\n<\/div><div class=\"fusion-separator fusion-full-width-sep\" style=\"align-self: center;margin-left: auto;margin-right: auto;margin-top:20px;width:100%;\"><\/div><div style=\"text-align:center;\"><a class=\"fusion-button button-flat fusion-button-default-size button-default fusion-button-default button-2 fusion-button-default-span fusion-button-default-type\" target=\"_self\" href=\"https:\/\/campinglidosalpi.it\/wp-content\/uploads\/2025\/04\/SPECIAL-CAMPING-2025.pdf\"><span class=\"fusion-button-text\"> T\u00e9l\u00e9charger la liste de prix<\/span><\/a><\/div><div class=\"fusion-separator fusion-full-width-sep\" style=\"align-self: center;margin-left: auto;margin-right: auto;margin-top:20px;width:100%;\"><\/div><\/div><\/div><\/div><\/div><div class=\"fusion-fullwidth fullwidth-box fusion-builder-row-3 fusion-flex-container nonhundred-percent-fullwidth non-hundred-percent-height-scrolling\" style=\"--awb-border-radius-top-left:0px;--awb-border-radius-top-right:0px;--awb-border-radius-bottom-right:0px;--awb-border-radius-bottom-left:0px;--awb-padding-right:18vw;--awb-padding-left:18vw;--awb-flex-wrap:wrap;\" ><div class=\"fusion-builder-row fusion-row fusion-flex-align-items-flex-start fusion-flex-content-wrap\" style=\"max-width:2080px;margin-left: calc(-4% \/ 2 );margin-right: calc(-4% \/ 2 );\"><div class=\"fusion-layout-column fusion_builder_column fusion-builder-column-2 fusion_builder_column_1_1 1_1 fusion-flex-column\" style=\"--awb-bg-size:cover;--awb-width-large:100%;--awb-margin-top-large:0px;--awb-spacing-right-large:1.92%;--awb-margin-bottom-large:20px;--awb-spacing-left-large:1.92%;--awb-width-medium:100%;--awb-order-medium:0;--awb-spacing-right-medium:1.92%;--awb-spacing-left-medium:1.92%;--awb-width-small:100%;--awb-order-small:0;--awb-spacing-right-small:1.92%;--awb-spacing-left-small:1.92%;\"><div class=\"fusion-column-wrapper fusion-column-has-shadow fusion-flex-justify-content-flex-start fusion-content-layout-column\"><div class=\"fusion-separator fusion-full-width-sep\" style=\"align-self: center;margin-left: auto;margin-right: auto;margin-top:20px;width:100%;\"><\/div><div class=\"fusion-title title fusion-title-3 fusion-sep-none fusion-title-text fusion-title-size-two\" style=\"--awb-text-color:#f97706;--awb-font-size:35px;\"><h2 class=\"fusion-title-heading title-heading-left\" style=\"font-family:&quot;Signika&quot;;font-style:normal;font-weight:300;margin:0;font-size:1em;\"><p style=\"text-align: center;\">Tarifs des mobil-homes<\/p><\/h2><\/div><div class=\"fusion-separator fusion-full-width-sep\" style=\"align-self: center;margin-left: auto;margin-right: auto;margin-top:20px;width:100%;\"><\/div><div class=\"fusion-text fusion-text-7\" style=\"--awb-text-transform:none;\"><p>4 + 1 LITS<br \/>\nCLIMATIS\u00c9<br \/>\nEAU CHAUDE<br \/>\nWC AVEC DOUCHE<br \/>\n24 m\u00b2 + VERANDA<br \/>\n1 PLACE DE STATIONNEMENT<br \/>\nSERVICE DE PLAGE<\/p>\n<\/div>\n<div class=\"table-2\">\n<p><strong>TARIFS A LA SEMAINE<\/strong><\/p>\n<table width=\"100%\">\n<thead>\n<tr>\n<th style=\"text-align: center;\" align=\"left\">01\/01 &#8211; 31\/03<\/th>\n<th style=\"text-align: center;\" align=\"left\">31\/03 &#8211; 24\/05<\/th>\n<th style=\"text-align: center;\" align=\"left\">24\/05 &#8211; 28\/06<\/th>\n<th style=\"text-align: center;\" align=\"left\">28\/06 &#8211; 02\/08<\/th>\n<th style=\"text-align: center;\" align=\"left\">02\/08 &#8211; 23\/08<\/th>\n<th style=\"text-align: center;\" align=\"left\">23\/08 &#8211; 13\/09<\/th>\n<th style=\"text-align: center;\" align=\"left\">13\/09 &#8211; 27\/09<\/th>\n<th style=\"text-align: center;\" align=\"left\">27\/09 &#8211; 31\/12<\/th>\n<\/tr>\n<\/thead>\n<tbody>\n<tr>\n<td style=\"text-align: center;\" align=\"left\">175,00<\/td>\n<td style=\"text-align: center;\" align=\"left\">210,00<\/td>\n<td style=\"text-align: center;\" align=\"left\">300,00<\/td>\n<td style=\"text-align: center;\" align=\"left\">440,00<\/td>\n<td style=\"text-align: center;\" align=\"left\">700,00<\/td>\n<td style=\"text-align: center;\" align=\"left\">440,00<\/td>\n<td style=\"text-align: center;\" align=\"left\">300,00<\/td>\n<td style=\"text-align: center;\" align=\"left\">175,00<\/td>\n<\/tr>\n<\/tbody>\n<\/table>\n<\/div>\n<div class=\"fusion-separator fusion-full-width-sep\" style=\"align-self: center;margin-left: auto;margin-right: auto;margin-top:20px;width:100%;\"><\/div><div class=\"fusion-text fusion-text-8\" style=\"--awb-font-size:18px;--awb-text-transform:none;--awb-text-color:var(--awb-color6);--awb-margin-top:30px;--awb-text-font-family:&quot;Signika&quot;;--awb-text-font-style:normal;--awb-text-font-weight:300;\"><p style=\"text-align: center;\"><strong>PROMOTION<\/strong><\/p>\n<\/div>\n<div class=\"table-1\">\n<table width=\"100%\">\n<thead>\n<tr>\n<th style=\"text-align: center;\" align=\"left\"><strong>3 SEMAINES<\/strong><\/th>\n<th style=\"text-align: center;\" align=\"left\"><strong>&#8211; 10%<\/strong><\/th>\n<\/tr>\n<\/thead>\n<tbody>\n<tr>\n<td style=\"text-align: center;\" align=\"left\"><strong>4 SEMAINES<\/strong><\/td>\n<td style=\"text-align: center;\" align=\"left\"><strong>&#8211; 15%<\/strong><\/td>\n<\/tr>\n<\/tbody>\n<\/table>\n<\/div>\n<div class=\"fusion-text fusion-text-9\" style=\"--awb-text-transform:none;\"><p><strong>Non inclus dans le prix.<\/strong><\/p>\n<ul>\n<li>\u00c9lectricit\u00e9, service de compteur : \u20ac 0,50\/kwh<\/li>\n<li>Nouvelle commande et v\u00e9rification finale: \u20ac 50,00<\/li>\n<\/ul>\n<\/div><div class=\"fusion-text fusion-text-10\" style=\"--awb-font-size:18px;--awb-text-transform:none;--awb-text-color:var(--awb-color6);--awb-margin-top:30px;--awb-text-font-family:&quot;Signika&quot;;--awb-text-font-style:normal;--awb-text-font-weight:300;\"><p><strong>Arrivi e partenze:<\/strong> si potr\u00e0 prendere possesso dell\u2019unit\u00e0 abitativa, dopo le ore 16,00 del giorno di arrivo e bisogner\u00e0 lasciarla entro le ore 10,00 del giorno di partenza. Le tariffe sono incluse di tasse<\/p>\n<\/div><div style=\"text-align:center;\"><a class=\"fusion-button button-flat fusion-button-default-size button-default fusion-button-default button-3 fusion-button-default-span fusion-button-default-type\" target=\"_self\" href=\"https:\/\/campinglidosalpi.it\/wp-content\/uploads\/2025\/04\/CASE-MOBILI-2025.pdf\"><span class=\"fusion-button-text\"> T\u00e9l\u00e9charger la liste de prix<\/span><\/a><\/div><\/div><\/div><\/div><\/div><\/p>\n","protected":false},"excerpt":{"rendered":"","protected":false},"author":4,"featured_media":0,"parent":0,"menu_order":0,"comment_status":"closed","ping_status":"closed","template":"","meta":{"footnotes":""},"acf":[],"_links":{"self":[{"href":"https:\/\/campinglidosalpi.it\/fr\/wp-json\/wp\/v2\/pages\/6372"}],"collection":[{"href":"https:\/\/campinglidosalpi.it\/fr\/wp-json\/wp\/v2\/pages"}],"about":[{"href":"https:\/\/campinglidosalpi.it\/fr\/wp-json\/wp\/v2\/types\/page"}],"author":[{"embeddable":true,"href":"https:\/\/campinglidosalpi.it\/fr\/wp-json\/wp\/v2\/users\/4"}],"replies":[{"embeddable":true,"href":"https:\/\/campinglidosalpi.it\/fr\/wp-json\/wp\/v2\/comments?post=6372"}],"version-history":[{"count":10,"href":"https:\/\/campinglidosalpi.it\/fr\/wp-json\/wp\/v2\/pages\/6372\/revisions"}],"predecessor-version":[{"id":6878,"href":"https:\/\/campinglidosalpi.it\/fr\/wp-json\/wp\/v2\/pages\/6372\/revisions\/6878"}],"wp:attachment":[{"href":"https:\/\/campinglidosalpi.it\/fr\/wp-json\/wp\/v2\/media?parent=6372"}],"curies":[{"name":"wp","href":"https:\/\/api.w.org\/{rel}","templated":true}]}}