{"id":6345,"date":"2022-04-06T13:30:08","date_gmt":"2022-04-06T11:30:08","guid":{"rendered":"http:\/\/campinglidosalpi.it\/animazione\/"},"modified":"2022-05-19T11:59:47","modified_gmt":"2022-05-19T09:59:47","slug":"animation","status":"publish","type":"page","link":"https:\/\/campinglidosalpi.it\/fr\/animation\/","title":{"rendered":"Animation"},"content":{"rendered":"<div class=\"fusion-fullwidth fullwidth-box fusion-builder-row-1 fusion-flex-container nonhundred-percent-fullwidth non-hundred-percent-height-scrolling\" style=\"--awb-border-radius-top-left:0px;--awb-border-radius-top-right:0px;--awb-border-radius-bottom-right:0px;--awb-border-radius-bottom-left:0px;--awb-padding-right:18vw;--awb-padding-left:18vw;--awb-flex-wrap:wrap;\" ><div class=\"fusion-builder-row fusion-row fusion-flex-align-items-flex-start fusion-flex-content-wrap\" style=\"max-width:2080px;margin-left: calc(-4% \/ 2 );margin-right: calc(-4% \/ 2 );\"><div class=\"fusion-layout-column fusion_builder_column fusion-builder-column-0 fusion_builder_column_1_1 1_1 fusion-flex-column\" style=\"--awb-bg-size:cover;--awb-width-large:100%;--awb-margin-top-large:0px;--awb-spacing-right-large:1.92%;--awb-margin-bottom-large:20px;--awb-spacing-left-large:1.92%;--awb-width-medium:100%;--awb-order-medium:0;--awb-spacing-right-medium:1.92%;--awb-spacing-left-medium:1.92%;--awb-width-small:100%;--awb-order-small:0;--awb-spacing-right-small:1.92%;--awb-spacing-left-small:1.92%;\"><div class=\"fusion-column-wrapper fusion-column-has-shadow fusion-flex-justify-content-flex-start fusion-content-layout-column\"><div class=\"fusion-title title fusion-title-1 fusion-sep-none fusion-title-center fusion-title-text fusion-title-size-two\" style=\"--awb-text-color:var(--awb-color4);--awb-font-size:30px;\"><h2 class=\"fusion-title-heading title-heading-center\" style=\"font-family:&quot;Signika&quot;;font-style:normal;font-weight:300;margin:0;font-size:1em;\">Le camping Lido Salpi dispose d\u2019un staff d\u2019animation professionnel qui organise journellemnt l\u2019amusement aux hot\u00eas du camping.<\/h2><\/div><div class=\"fusion-image-carousel fusion-image-carousel-auto fusion-image-carousel-1 fusion-carousel-border\"><div class=\"awb-carousel awb-swiper awb-swiper-carousel\" data-autoplay=\"no\" data-columns=\"2\" data-itemmargin=\"10\" data-itemwidth=\"180\" data-touchscroll=\"no\" data-imagesize=\"auto\" style=\"--awb-columns:2;--awb-column-spacing:10px;\"><div class=\"swiper-wrapper awb-image-carousel-wrapper fusion-flex-align-items-center\"><div class=\"swiper-slide\"><div class=\"fusion-carousel-item-wrapper\"><div class=\"fusion-image-wrapper hover-type-none\"><img decoding=\"async\" width=\"470\" height=\"235\" src=\"https:\/\/campinglidosalpi.it\/wp-content\/uploads\/2022\/04\/img_animazione03.jpg\" class=\"attachment-full size-full\" alt=\"\" srcset=\"https:\/\/campinglidosalpi.it\/wp-content\/uploads\/2022\/04\/img_animazione03-200x100.jpg 200w, https:\/\/campinglidosalpi.it\/wp-content\/uploads\/2022\/04\/img_animazione03-400x200.jpg 400w, https:\/\/campinglidosalpi.it\/wp-content\/uploads\/2022\/04\/img_animazione03.jpg 470w\" sizes=\"(min-width: 2200px) 100vw, (min-width: 712px) 784px, (min-width: 640px) 712px, \" \/><\/div><\/div><\/div><div class=\"swiper-slide\"><div class=\"fusion-carousel-item-wrapper\"><div class=\"fusion-image-wrapper hover-type-none\"><img decoding=\"async\" width=\"470\" height=\"235\" src=\"https:\/\/campinglidosalpi.it\/wp-content\/uploads\/2022\/04\/img_animazione04.jpg\" class=\"attachment-full size-full\" alt=\"\" srcset=\"https:\/\/campinglidosalpi.it\/wp-content\/uploads\/2022\/04\/img_animazione04-200x100.jpg 200w, https:\/\/campinglidosalpi.it\/wp-content\/uploads\/2022\/04\/img_animazione04-400x200.jpg 400w, https:\/\/campinglidosalpi.it\/wp-content\/uploads\/2022\/04\/img_animazione04.jpg 470w\" sizes=\"(min-width: 2200px) 100vw, (min-width: 712px) 784px, (min-width: 640px) 712px, \" \/><\/div><\/div><\/div><\/div><\/div><\/div><div class=\"fusion-text fusion-text-1\" style=\"--awb-content-alignment:justify;--awb-font-size:18px;--awb-line-height:30px;--awb-text-transform:none;--awb-text-color:var(--awb-color6);--awb-text-font-family:&quot;Signika&quot;;--awb-text-font-style:normal;--awb-text-font-weight:300;\"><p>On commence le matin avec le R\u00e9veil!Un moment amusant dont les animateurs donnent le bon jour aux clients ensommeill\u00e9s, et puis tous \u00e0 la plage pour bien commencer la journ\u00e9e avec des activit\u00e9s de reveil musculaire, acquagym. Pour les plus actifs il y a des danses de groupe et jeux ap\u00e9ritif.<\/p>\n<p>Les petits enfants sont confi\u00e9s aux animateurs du mini club, et pendant la matin\u00e9e, ils fontdes petits tournois,des activit\u00e9s manuelles,chasse au tr\u00e9sor et baby dance.<\/p>\n<p>Dans l\u2019apr\u00e9s-midi il y a des differents tournois pour les hot\u00eas, il faut seulement choisir le plus adapt\u00e9e et commencer \u00e0 jouer!<\/p>\n<p>La nuit est jeune!!!Alors tous en piste avec les danses latino-am\u00e9ricain,cara\u00efbe et danses de salon, avec les meilleurs professeurs de danse! Pendant la soir\u00e9e il y aura des jeux, des prix, des spectacles, du cabaret, des musical et du karaoke.<\/p>\n<p>Pour les jeunes la nuit est plus longue avec le Beach Party!On danse toute la nuit au bord de la mer avec les meilleurs dj.<\/p>\n<\/div><div class=\"fusion-title title fusion-title-2 fusion-sep-none fusion-title-text fusion-title-size-two\" style=\"--awb-text-color:var(--awb-color4);--awb-font-size:30px;\"><h2 class=\"fusion-title-heading title-heading-left\" style=\"font-family:&quot;Signika&quot;;font-style:normal;font-weight:300;margin:0;font-size:1em;\">La journ\u00e9e pour les grands et les petits:<\/h2><\/div><div class=\"fusion-text fusion-text-2\" style=\"--awb-content-alignment:justify;--awb-font-size:18px;--awb-line-height:30px;--awb-text-transform:none;--awb-text-color:var(--awb-color6);--awb-text-font-family:&quot;Signika&quot;;--awb-text-font-style:normal;--awb-text-font-weight:300;\"><div class=\"container\">\n<div class=\"contPage\">\n<p><strong>ACTIVIT\u00c9S DU JOUR POUR LES ADULTES<\/strong><br \/>\n&#8211; Cours de gymnastique douce, gymnatique corrective<br \/>\n&#8211; Acquagym<br \/>\n&#8211; Jeux et differents tournois<\/p>\n<p><strong>ACTIVIT\u00c9S DU JOUR POUR LES ENFANTS<\/strong><br \/>\n&#8211; Le mini club tous les jours (de 09,30 h \u2013 \u00e0 12,30 h et de 16,00 h \u2013 \u00e0 19,00 h pour les enfants de 5 \u00e0 12 ans)<br \/>\n&#8211; Jeux et different tournois<br \/>\n&#8211; eux et danses dans l\u2019eau<br \/>\n&#8211; Chasse au tr\u00e9sor<\/p>\n<p><strong>ACTIVIT\u00c9S DU SOIR POUR LES ADULTES<\/strong><br \/>\n&#8211; Soir\u00e9es avec les danses latin-am\u00e9ricains et cara\u00efbe<br \/>\n&#8211; Soir\u00e9es avec les danses de salon avec les meilleurs professeurs de danse<br \/>\n&#8211; Discoth\u00e8que<br \/>\n&#8211; Differents soir\u00e9es de musique(piano bar, concerts)<br \/>\n&#8211; Beach party<br \/>\n&#8211; Cabaret<br \/>\n&#8211; Differents spectacles<\/p>\n<p><strong>ACTIVIT\u00c9S DU SOIR POUR LES ENFANTS<\/strong><br \/>\n&#8211; Baby dance<br \/>\n&#8211; Spectacles pour les enfants<br \/>\n&#8211; Soir\u00e9es et f\u00eates d\u00e9guis\u00e9es<\/p>\n<\/div>\n<\/div>\n<\/div><\/div><\/div><\/div><\/div>\n","protected":false},"excerpt":{"rendered":"","protected":false},"author":3,"featured_media":0,"parent":0,"menu_order":0,"comment_status":"closed","ping_status":"closed","template":"","meta":{"footnotes":""},"acf":[],"_links":{"self":[{"href":"https:\/\/campinglidosalpi.it\/fr\/wp-json\/wp\/v2\/pages\/6345"}],"collection":[{"href":"https:\/\/campinglidosalpi.it\/fr\/wp-json\/wp\/v2\/pages"}],"about":[{"href":"https:\/\/campinglidosalpi.it\/fr\/wp-json\/wp\/v2\/types\/page"}],"author":[{"embeddable":true,"href":"https:\/\/campinglidosalpi.it\/fr\/wp-json\/wp\/v2\/users\/3"}],"replies":[{"embeddable":true,"href":"https:\/\/campinglidosalpi.it\/fr\/wp-json\/wp\/v2\/comments?post=6345"}],"version-history":[{"count":3,"href":"https:\/\/campinglidosalpi.it\/fr\/wp-json\/wp\/v2\/pages\/6345\/revisions"}],"predecessor-version":[{"id":6562,"href":"https:\/\/campinglidosalpi.it\/fr\/wp-json\/wp\/v2\/pages\/6345\/revisions\/6562"}],"wp:attachment":[{"href":"https:\/\/campinglidosalpi.it\/fr\/wp-json\/wp\/v2\/media?parent=6345"}],"curies":[{"name":"wp","href":"https:\/\/api.w.org\/{rel}","templated":true}]}}