{"id":6327,"date":"2022-04-06T13:25:58","date_gmt":"2022-04-06T11:25:58","guid":{"rendered":"http:\/\/campinglidosalpi.it\/dove-siamo\/"},"modified":"2022-06-22T12:16:52","modified_gmt":"2022-06-22T10:16:52","slug":"dove-siamo","status":"publish","type":"page","link":"https:\/\/campinglidosalpi.it\/fr\/localisation\/","title":{"rendered":"Localisation"},"content":{"rendered":"<div class=\"fusion-fullwidth fullwidth-box fusion-builder-row-1 fusion-flex-container nonhundred-percent-fullwidth non-hundred-percent-height-scrolling\" style=\"--awb-border-radius-top-left:0px;--awb-border-radius-top-right:0px;--awb-border-radius-bottom-right:0px;--awb-border-radius-bottom-left:0px;--awb-padding-right:18vw;--awb-padding-left:18vw;--awb-flex-wrap:wrap;\" ><div class=\"fusion-builder-row fusion-row fusion-flex-align-items-flex-start fusion-flex-content-wrap\" style=\"max-width:2080px;margin-left: calc(-4% \/ 2 );margin-right: calc(-4% \/ 2 );\"><div class=\"fusion-layout-column fusion_builder_column fusion-builder-column-0 fusion_builder_column_1_1 1_1 fusion-flex-column\" style=\"--awb-bg-size:cover;--awb-width-large:100%;--awb-margin-top-large:0px;--awb-spacing-right-large:1.92%;--awb-margin-bottom-large:20px;--awb-spacing-left-large:1.92%;--awb-width-medium:100%;--awb-order-medium:0;--awb-spacing-right-medium:1.92%;--awb-spacing-left-medium:1.92%;--awb-width-small:100%;--awb-order-small:0;--awb-spacing-right-small:1.92%;--awb-spacing-left-small:1.92%;\"><div class=\"fusion-column-wrapper fusion-column-has-shadow fusion-flex-justify-content-flex-start fusion-content-layout-column\"><div class=\"fusion-text fusion-text-1\" style=\"--awb-font-size:18px;--awb-text-transform:none;--awb-text-color:var(--awb-color6);--awb-text-font-family:&quot;Signika&quot;;--awb-text-font-style:normal;--awb-text-font-weight:300;\"><p>Le camping LIDO SALPI est situ\u00e9 juste en dessous du promontoire du Gargano, dans la province de Foggia, Territorio Dauno, sur la c\u00f4te sud entre Manfredonia et Margherita Di Savoia, au c\u0153ur de la plaine de Siponto, au bord de la splendide mer du Gargano, au bord du lac Salso (oasis naturelle du parc national du Gargano).<\/p>\n<p><strong>Camping Lido Salpi<\/strong><br \/>\nex S.S. 159 de la Saline Km 6 200<br \/>\n71043 Manfredonia &#8211; C\u00f4te d&rsquo;Azur<br \/>\nRec. Pos.: Via Orto Sdanga, 96<br \/>\nT\u00e9l\u00e9copie : 0884-571842<br \/>\nT\u00e9l : 0884.571160<\/p>\n<p><strong>GPS <\/strong>: E 15\u00b0 53&prime; 17&Prime; &#8211; N 41\u00b0 33&prime; 17&Prime;<br \/>\nItin\u00e9raire pour Google Maps : 41.555352,15.895586<\/p>\n<\/div>\t\t\t\t\t<script type=\"text\/javascript\">\n\t\t\t\t\t\tvar map_fusion_map_69e06d2ed2b97;\n\t\t\t\t\t\tvar markers = [];\n\t\t\t\t\t\tvar counter = 0;\n\t\t\t\t\t\t\t\t\t\t\t\t\t\t\t\t\t\t\t\tvar fusionMapNonce = '231086d344';\n\t\t\t\t\t\t\t\t\t\t\t\tfunction fusion_run_map_fusion_map_69e06d2ed2b97() {\n\t\t\t\t\t\t\tjQuery('#fusion_map_69e06d2ed2b97').fusion_maps({\n\t\t\t\t\t\t\t\taddresses: [{\"address\":\"41.555352,15.895586\",\"infobox_content\":\"\",\"coordinates\":true,\"latitude\":\"41.555352\",\"longitude\":\"15.895586\",\"cache\":true,\"geocoded_address\":\"41.555352,15.895586\"}],\n\t\t\t\t\t\t\t\tanimations: false,\n\t\t\t\t\t\t\t\tinfobox_background_color: '',\n\t\t\t\t\t\t\t\tinfobox_styling: 'default',\n\t\t\t\t\t\t\t\tinfobox_text_color: '',\n\t\t\t\t\t\t\t\tmap_style: 'default',\n\t\t\t\t\t\t\t\tmap_type: 'roadmap',\n\t\t\t\t\t\t\t\tmarker_icon: '',\n\t\t\t\t\t\t\t\toverlay_color: '',\n\t\t\t\t\t\t\t\toverlay_color_hsl: {\"hue\":0,\"sat\":0,\"lum\":100},\n\t\t\t\t\t\t\t\tpan_control: true,\n\t\t\t\t\t\t\t\tshow_address: true,\n\t\t\t\t\t\t\t\tscale_control: true,\n\t\t\t\t\t\t\t\tscrollwheel: false,\n\t\t\t\t\t\t\t\tzoom: 16,\n\t\t\t\t\t\t\t\tzoom_control: true,\n\t\t\t\t\t\t\t});\n\t\t\t\t\t\t}\n\n\t\t\t\t\t\tgoogle.maps.event.addDomListener(window, 'load', fusion_run_map_fusion_map_69e06d2ed2b97);\n\t\t\t\t\t<\/script>\n\t\t\t\t\t<div class=\"shortcode-map fusion-google-map fusion-maps-js-type\" style=\"--awb-height:460px;\" id=\"fusion_map_69e06d2ed2b97\"><\/div><div class=\"fusion-title title fusion-title-1 fusion-sep-none fusion-title-text fusion-title-size-six\" style=\"--awb-text-color:var(--awb-color4);--awb-margin-top:30px;--awb-font-size:18px;\"><h6 class=\"fusion-title-heading title-heading-left\" style=\"font-family:&quot;Signika&quot;;font-style:normal;font-weight:300;margin:0;font-size:1em;\">COMMENT SE RENDRE AU CAMPING LIDO SALPI.<\/h6><\/div><div class=\"fusion-title title fusion-title-2 fusion-sep-none fusion-title-text fusion-title-size-six\" style=\"--awb-text-color:var(--awb-color4);--awb-font-size:18px;\"><h6 class=\"fusion-title-heading title-heading-left\" style=\"font-family:&quot;Signika&quot;;font-style:normal;font-weight:300;margin:0;font-size:1em;\">AUTOROUTES :<\/h6><\/div><div class=\"fusion-text fusion-text-2\" style=\"--awb-font-size:18px;--awb-text-transform:none;--awb-text-color:var(--awb-color6);--awb-text-font-family:&quot;Signika&quot;;--awb-text-font-style:normal;--awb-text-font-weight:300;\"><p>* DU NORD &#8211; A14 (Bologne &#8211; Bari), sortir \u00e0 Foggia et prendre la S.S. 89 Foggia &#8211; Manfredonia, apr\u00e8s environ 30 km sortir \u00e0 Manfredonia Riviera Sud et prendre la S. P. 141 (ex S.S. 159) pour Margherita di Savoia, apr\u00e8s environ 6 200 km l&rsquo;entr\u00e9e du camping se trouve sur votre gauche.<\/p>\n<p>* DU CENTRE &#8211; A16 (Naples &#8211; Foggia), sortir \u00e0 Candela et prendre la S.S. 655 pour Foggia, apr\u00e8s environ 30 km, prendre un tron\u00e7on de la rocade de Foggia et prendre la S.S. 89 Foggia &#8211; Manfredonia, apr\u00e8s environ 30 Km, sortir \u00e0 Manfredonia &#8211; Riviera Sud et prendre la S.P. 141 (ex S.S. 159) pour Margherita di Savoia apr\u00e8s environ 6 200 km l&rsquo;entr\u00e9e du camping est sur votre gauche.<\/p>\n<p>* DU SUD &#8211; A14 (Bari &#8211; Bologne), sortir \u00e0 Cerignola Est et prendre la S.S. 545 Cerignola &#8211; Manfredonia, apr\u00e8s environ 18 km prendre la S.P. 141 (ex S.S. 159) Zapponata &#8211; Manfredonia, apr\u00e8s environ 8 km notre entr\u00e9e est sur votre droite.<\/p>\n<\/div><div class=\"fusion-title title fusion-title-3 fusion-sep-none fusion-title-text fusion-title-size-six\" style=\"--awb-text-color:var(--awb-color4);--awb-font-size:18px;\"><h6 class=\"fusion-title-heading title-heading-left\" style=\"font-family:&quot;Signika&quot;;font-style:normal;font-weight:300;margin:0;font-size:1em;\">FORMER:<\/h6><\/div><div class=\"fusion-text fusion-text-3\" style=\"--awb-font-size:18px;--awb-text-transform:none;--awb-text-color:var(--awb-color6);--awb-text-font-family:&quot;Signika&quot;;--awb-text-font-style:normal;--awb-text-font-weight:300;\"><p>* DEPUIS TOUTES LES DIRECTIONS &#8211; Descendre \u00e0 la gare de Foggia, prendre le train ou le bus pour Manfredonia et descendre \u00e0 la gare de Siponto. Appelez le camping 0884\/571160 pour annoncer votre arriv\u00e9e. Nous viendrons vous chercher avec l&rsquo;un de nos v\u00e9hicules.<\/p>\n<\/div><div class=\"fusion-title title fusion-title-4 fusion-sep-none fusion-title-text fusion-title-size-six\" style=\"--awb-text-color:var(--awb-color4);--awb-font-size:18px;\"><h6 class=\"fusion-title-heading title-heading-left\" style=\"font-family:&quot;Signika&quot;;font-style:normal;font-weight:300;margin:0;font-size:1em;\">AVION:<\/h6><\/div><div class=\"fusion-text fusion-text-4\" style=\"--awb-font-size:18px;--awb-text-transform:none;--awb-text-color:var(--awb-color6);--awb-text-font-family:&quot;Signika&quot;;--awb-text-font-style:normal;--awb-text-font-weight:300;\"><p>* A\u00e9roport de Bari Palese, prendre les transports en commun ou taxi jusqu&rsquo;\u00e0 Manfredonia puis jusqu&rsquo;au camping<br \/>\n* A\u00e9roport de Foggia \u00ab GINO LISA \u00bb, prendre les transports en commun jusqu&rsquo;\u00e0 Manfredonia puis jusqu&rsquo;au camping<\/p>\n<\/div><\/div><\/div><\/div><\/div>\n","protected":false},"excerpt":{"rendered":"","protected":false},"author":4,"featured_media":0,"parent":0,"menu_order":0,"comment_status":"closed","ping_status":"closed","template":"","meta":{"footnotes":""},"acf":[],"_links":{"self":[{"href":"https:\/\/campinglidosalpi.it\/fr\/wp-json\/wp\/v2\/pages\/6327"}],"collection":[{"href":"https:\/\/campinglidosalpi.it\/fr\/wp-json\/wp\/v2\/pages"}],"about":[{"href":"https:\/\/campinglidosalpi.it\/fr\/wp-json\/wp\/v2\/types\/page"}],"author":[{"embeddable":true,"href":"https:\/\/campinglidosalpi.it\/fr\/wp-json\/wp\/v2\/users\/4"}],"replies":[{"embeddable":true,"href":"https:\/\/campinglidosalpi.it\/fr\/wp-json\/wp\/v2\/comments?post=6327"}],"version-history":[{"count":4,"href":"https:\/\/campinglidosalpi.it\/fr\/wp-json\/wp\/v2\/pages\/6327\/revisions"}],"predecessor-version":[{"id":6678,"href":"https:\/\/campinglidosalpi.it\/fr\/wp-json\/wp\/v2\/pages\/6327\/revisions\/6678"}],"wp:attachment":[{"href":"https:\/\/campinglidosalpi.it\/fr\/wp-json\/wp\/v2\/media?parent=6327"}],"curies":[{"name":"wp","href":"https:\/\/api.w.org\/{rel}","templated":true}]}}