{"id":6318,"date":"2022-04-06T13:25:29","date_gmt":"2022-04-06T11:25:29","guid":{"rendered":"http:\/\/campinglidosalpi.it\/il-camping\/"},"modified":"2022-06-27T15:06:07","modified_gmt":"2022-06-27T13:06:07","slug":"camping","status":"publish","type":"page","link":"https:\/\/campinglidosalpi.it\/fr\/camping\/","title":{"rendered":"Camping"},"content":{"rendered":"<p><div class=\"fusion-fullwidth fullwidth-box fusion-builder-row-1 fusion-flex-container nonhundred-percent-fullwidth non-hundred-percent-height-scrolling\" style=\"--awb-border-radius-top-left:0px;--awb-border-radius-top-right:0px;--awb-border-radius-bottom-right:0px;--awb-border-radius-bottom-left:0px;--awb-padding-right:18vw;--awb-padding-left:18vw;--awb-flex-wrap:wrap;\" ><div class=\"fusion-builder-row fusion-row fusion-flex-align-items-flex-start fusion-flex-content-wrap\" style=\"max-width:2080px;margin-left: calc(-4% \/ 2 );margin-right: calc(-4% \/ 2 );\"><div class=\"fusion-layout-column fusion_builder_column fusion-builder-column-0 fusion_builder_column_1_1 1_1 fusion-flex-column\" style=\"--awb-bg-size:cover;--awb-width-large:100%;--awb-margin-top-large:0px;--awb-spacing-right-large:1.92%;--awb-margin-bottom-large:20px;--awb-spacing-left-large:1.92%;--awb-width-medium:100%;--awb-order-medium:0;--awb-spacing-right-medium:1.92%;--awb-spacing-left-medium:1.92%;--awb-width-small:100%;--awb-order-small:0;--awb-spacing-right-small:1.92%;--awb-spacing-left-small:1.92%;\"><div class=\"fusion-column-wrapper fusion-column-has-shadow fusion-flex-justify-content-flex-start fusion-content-layout-column\"><div class=\"fusion-title title fusion-title-1 fusion-sep-none fusion-title-center fusion-title-text fusion-title-size-two\" style=\"--awb-text-color:var(--awb-color4);--awb-font-size:30px;\"><h2 class=\"fusion-title-heading title-heading-center\" style=\"font-family:&quot;Signika&quot;;font-style:normal;font-weight:300;margin:0;font-size:1em;\">Une oasis de verdure &#8230; color\u00e9!<\/h2><\/div><div class=\"fusion-title title fusion-title-2 fusion-sep-none fusion-title-center fusion-title-text fusion-title-size-three\" style=\"--awb-text-color:#8d8d8d;--awb-margin-bottom:30px;--awb-font-size:24px;\"><h3 class=\"fusion-title-heading title-heading-center\" style=\"font-family:&quot;Signika&quot;;font-style:normal;font-weight:400;margin:0;font-size:1em;\">Vos vacances dans des endroits merveilleux, se d\u00e9tendre et une faune abondante.<\/h3><\/div><div class=\"fusion-image-carousel fusion-image-carousel-auto fusion-image-carousel-1 fusion-carousel-border\"><div class=\"awb-carousel awb-swiper awb-swiper-carousel\" data-autoplay=\"no\" data-columns=\"2\" data-itemmargin=\"10\" data-itemwidth=\"180\" data-touchscroll=\"no\" data-imagesize=\"auto\" style=\"--awb-columns:2;--awb-column-spacing:10px;\"><div class=\"swiper-wrapper awb-image-carousel-wrapper fusion-flex-align-items-center\"><div class=\"swiper-slide\"><div class=\"fusion-carousel-item-wrapper\"><div class=\"fusion-image-wrapper hover-type-none\"><img decoding=\"async\" width=\"470\" height=\"235\" src=\"https:\/\/campinglidosalpi.it\/wp-content\/uploads\/2022\/04\/img_interna03.jpg\" class=\"attachment-full size-full\" alt=\"\" srcset=\"https:\/\/campinglidosalpi.it\/wp-content\/uploads\/2022\/04\/img_interna03-200x100.jpg 200w, https:\/\/campinglidosalpi.it\/wp-content\/uploads\/2022\/04\/img_interna03-400x200.jpg 400w, https:\/\/campinglidosalpi.it\/wp-content\/uploads\/2022\/04\/img_interna03.jpg 470w\" sizes=\"(min-width: 2200px) 100vw, (min-width: 712px) 784px, (min-width: 640px) 712px, \" \/><\/div><\/div><\/div><div class=\"swiper-slide\"><div class=\"fusion-carousel-item-wrapper\"><div class=\"fusion-image-wrapper hover-type-none\"><img decoding=\"async\" width=\"470\" height=\"235\" src=\"https:\/\/campinglidosalpi.it\/wp-content\/uploads\/2022\/04\/img_interna04.jpg\" class=\"attachment-full size-full\" alt=\"\" srcset=\"https:\/\/campinglidosalpi.it\/wp-content\/uploads\/2022\/04\/img_interna04-200x100.jpg 200w, https:\/\/campinglidosalpi.it\/wp-content\/uploads\/2022\/04\/img_interna04-400x200.jpg 400w, https:\/\/campinglidosalpi.it\/wp-content\/uploads\/2022\/04\/img_interna04.jpg 470w\" sizes=\"(min-width: 2200px) 100vw, (min-width: 712px) 784px, (min-width: 640px) 712px, \" \/><\/div><\/div><\/div><\/div><\/div><\/div><div class=\"fusion-text fusion-text-1\" style=\"--awb-content-alignment:justify;--awb-font-size:18px;--awb-line-height:30px;--awb-text-transform:none;--awb-text-color:var(--awb-color6);--awb-text-font-family:&quot;Signika&quot;;--awb-text-font-style:normal;--awb-text-font-weight:300;\"><p>Le camping est ouvert toute l&rsquo;ann\u00e9e. Sa surface est de 10 000 m\u00e8tres carr\u00e9s. environ, dispose d&rsquo;un grand espace vert, emplacements bien d\u00e9limit\u00e9s par des arbres, 3 groupes de toilettes (Tout confort), service camping-car, march\u00e9, bar pizzeria, presse, tabac, salle de jeux, parc b\u00e9b\u00e9, plage \u00e9quip\u00e9e. Aux mois de juillet et ao\u00fbt, l&rsquo;animation est assur\u00e9e par un personnel souriant et enjou\u00e9.<\/p>\n<p>Le jeu de couleurs qui cr\u00e9ent les nuances vertes des eucalyptus sains, des pins d&rsquo;Alep, des pins Pinus, des oliviers de Boh\u00eame, des lauriers-roses, la plage dor\u00e9e bord\u00e9e par les eaux cristallines de la mer du Gargano, sont un excellent cadre pour un organisation interne impeccable. La chaleur humaine avec laquelle le personnel accueille les clients qui arrivent est un pr\u00e9lude et une garantie d&rsquo;hospitalit\u00e9 au nom de la Qualit\u00e9 et de la Courtoisie.<\/p>\n<p><a class=\"p_scaricaPDF\" title=\"Scarica il Regolamento PDF\" href=\"https:\/\/campinglidosalpi.it\/wp-content\/uploads\/2022\/06\/regolamento_lidosalpi.pdf\" target=\"_blank\" rel=\"noopener\">T\u00e9l\u00e9charger le PDF R\u00e8glement<\/a><\/p>\n<\/div><\/div><\/div><\/div><\/div><div class=\"fusion-fullwidth fullwidth-box fusion-builder-row-2 fusion-flex-container nonhundred-percent-fullwidth non-hundred-percent-height-scrolling\" style=\"--awb-border-radius-top-left:0px;--awb-border-radius-top-right:0px;--awb-border-radius-bottom-right:0px;--awb-border-radius-bottom-left:0px;--awb-padding-right:18vw;--awb-padding-left:18vw;--awb-background-color:#f1f1f1;--awb-flex-wrap:wrap;\" ><div class=\"fusion-builder-row fusion-row fusion-flex-align-items-flex-start fusion-flex-content-wrap\" style=\"max-width:2080px;margin-left: calc(-4% \/ 2 );margin-right: calc(-4% \/ 2 );\"><div class=\"fusion-layout-column fusion_builder_column fusion-builder-column-1 fusion_builder_column_1_1 1_1 fusion-flex-column\" style=\"--awb-bg-size:cover;--awb-width-large:100%;--awb-margin-top-large:0px;--awb-spacing-right-large:1.92%;--awb-margin-bottom-large:20px;--awb-spacing-left-large:1.92%;--awb-width-medium:100%;--awb-order-medium:0;--awb-spacing-right-medium:1.92%;--awb-spacing-left-medium:1.92%;--awb-width-small:100%;--awb-order-small:0;--awb-spacing-right-small:1.92%;--awb-spacing-left-small:1.92%;\"><div class=\"fusion-column-wrapper fusion-column-has-shadow fusion-flex-justify-content-flex-start fusion-content-layout-column\"><div class=\"fusion-title title fusion-title-3 sep-underline sep-solid fusion-title-center fusion-title-text fusion-title-size-div\" style=\"--awb-text-color:var(--awb-color4);--awb-sep-color:rgba(183,183,183,0.77);--awb-font-size:30px;\"><div class=\"fusion-title-heading title-heading-center title-heading-tag\" style=\"font-family:&quot;Signika&quot;;font-style:normal;font-weight:300;margin:0;font-size:1em;\">Pourquoi nous choisir?<\/div><\/div><div class=\"fusion-builder-row fusion-builder-row-inner fusion-row fusion-flex-align-items-flex-start fusion-flex-content-wrap\" style=\"width:104% !important;max-width:104% !important;margin-left: calc(-4% \/ 2 );margin-right: calc(-4% \/ 2 );\"><div class=\"fusion-layout-column fusion_builder_column_inner fusion-builder-nested-column-0 fusion_builder_column_inner_1_2 1_2 fusion-flex-column\" style=\"--awb-bg-size:cover;--awb-width-large:50%;--awb-margin-top-large:0px;--awb-spacing-right-large:3.84%;--awb-margin-bottom-large:20px;--awb-spacing-left-large:3.84%;--awb-width-medium:50%;--awb-order-medium:0;--awb-spacing-right-medium:3.84%;--awb-spacing-left-medium:3.84%;--awb-width-small:100%;--awb-order-small:0;--awb-spacing-right-small:1.92%;--awb-spacing-left-small:1.92%;\"><div class=\"fusion-column-wrapper fusion-column-has-shadow fusion-flex-justify-content-flex-start fusion-content-layout-column\"><ul style=\"--awb-size:20px;--awb-iconcolor:var(--awb-color5);--awb-textcolor:var(--awb-color6);--awb-line-height:34px;--awb-icon-width:34px;--awb-icon-height:34px;--awb-icon-margin:14px;--awb-content-margin:48px;\" class=\"fusion-checklist fusion-checklist-1 fusion-checklist-default type-icons\"><li class=\"fusion-li-item\" style=\"\"><span class=\"icon-wrapper circle-no\"><i class=\"fusion-li-icon fa-check fas\" aria-hidden=\"true\"><\/i><\/span><div class=\"fusion-li-item-content\">Ambiance familiale et tranquille<\/div><\/li><li class=\"fusion-li-item\" style=\"\"><span class=\"icon-wrapper circle-no\"><i class=\"fusion-li-icon fa-check fas\" aria-hidden=\"true\"><\/i><\/span><div class=\"fusion-li-item-content\">Son emplacement est strat\u00e9gique, \u00e0 proximit\u00e9 des destinations historiques importants \/ religieux<\/div><\/li><li class=\"fusion-li-item\" style=\"\"><span class=\"icon-wrapper circle-no\"><i class=\"fusion-li-icon fa-check fas\" aria-hidden=\"true\"><\/i><\/span><div class=\"fusion-li-item-content\">Visites historiques<\/div><\/li><li class=\"fusion-li-item\" style=\"\"><span class=\"icon-wrapper circle-no\"><i class=\"fusion-li-icon fa-check fas\" aria-hidden=\"true\"><\/i><\/span><div class=\"fusion-li-item-content\">Itin\u00e9raires religieux<\/div><\/li><li class=\"fusion-li-item\" style=\"\"><span class=\"icon-wrapper circle-no\"><i class=\"fusion-li-icon fa-check fas\" aria-hidden=\"true\"><\/i><\/span><div class=\"fusion-li-item-content\">Nous sommes ouverts toute l&rsquo;ann\u00e9e<\/div><\/li><\/ul><\/div><\/div><div class=\"fusion-layout-column fusion_builder_column_inner fusion-builder-nested-column-1 fusion_builder_column_inner_1_2 1_2 fusion-flex-column\" style=\"--awb-bg-size:cover;--awb-width-large:50%;--awb-margin-top-large:0px;--awb-spacing-right-large:3.84%;--awb-margin-bottom-large:20px;--awb-spacing-left-large:3.84%;--awb-width-medium:50%;--awb-order-medium:0;--awb-spacing-right-medium:3.84%;--awb-spacing-left-medium:3.84%;--awb-width-small:100%;--awb-order-small:0;--awb-spacing-right-small:1.92%;--awb-spacing-left-small:1.92%;\"><div class=\"fusion-column-wrapper fusion-column-has-shadow fusion-flex-justify-content-flex-start fusion-content-layout-column\"><ul style=\"--awb-size:20px;--awb-iconcolor:var(--awb-color5);--awb-textcolor:var(--awb-color6);--awb-line-height:34px;--awb-icon-width:34px;--awb-icon-height:34px;--awb-icon-margin:14px;--awb-content-margin:48px;\" class=\"fusion-checklist fusion-checklist-2 fusion-checklist-default type-icons\"><li class=\"fusion-li-item\" style=\"\"><span class=\"icon-wrapper circle-no\"><i class=\"fusion-li-icon fa-check fas\" aria-hidden=\"true\"><\/i><\/span><div class=\"fusion-li-item-content\">Paysages naturels pr\u00e9serv\u00e9s<\/div><\/li><li class=\"fusion-li-item\" style=\"\"><span class=\"icon-wrapper circle-no\"><i class=\"fusion-li-icon fa-check fas\" aria-hidden=\"true\"><\/i><\/span><div class=\"fusion-li-item-content\">Id\u00e9al pour des vacances avec les enfants<\/div><\/li><li class=\"fusion-li-item\" style=\"\"><span class=\"icon-wrapper circle-no\"><i class=\"fusion-li-icon fa-check fas\" aria-hidden=\"true\"><\/i><\/span><div class=\"fusion-li-item-content\">De larges plages et sa mer cristalline<\/div><\/li><li class=\"fusion-li-item\" style=\"\"><span class=\"icon-wrapper circle-no\"><i class=\"fusion-li-icon fa-check fas\" aria-hidden=\"true\"><\/i><\/span><div class=\"fusion-li-item-content\">D\u00e9tendez-vous dans le vert des eucalyptus<\/div><\/li><li class=\"fusion-li-item\" style=\"\"><span class=\"icon-wrapper circle-no\"><i class=\"fusion-li-icon fa-check fas\" aria-hidden=\"true\"><\/i><\/span><div class=\"fusion-li-item-content\">D\u00e9tente \u00e0 la mer<\/div><\/li><\/ul><\/div><\/div><\/div><\/div><\/div><\/div><\/div><\/p>\n","protected":false},"excerpt":{"rendered":"","protected":false},"author":4,"featured_media":0,"parent":0,"menu_order":0,"comment_status":"closed","ping_status":"closed","template":"","meta":{"footnotes":""},"acf":[],"_links":{"self":[{"href":"https:\/\/campinglidosalpi.it\/fr\/wp-json\/wp\/v2\/pages\/6318"}],"collection":[{"href":"https:\/\/campinglidosalpi.it\/fr\/wp-json\/wp\/v2\/pages"}],"about":[{"href":"https:\/\/campinglidosalpi.it\/fr\/wp-json\/wp\/v2\/types\/page"}],"author":[{"embeddable":true,"href":"https:\/\/campinglidosalpi.it\/fr\/wp-json\/wp\/v2\/users\/4"}],"replies":[{"embeddable":true,"href":"https:\/\/campinglidosalpi.it\/fr\/wp-json\/wp\/v2\/comments?post=6318"}],"version-history":[{"count":5,"href":"https:\/\/campinglidosalpi.it\/fr\/wp-json\/wp\/v2\/pages\/6318\/revisions"}],"predecessor-version":[{"id":6701,"href":"https:\/\/campinglidosalpi.it\/fr\/wp-json\/wp\/v2\/pages\/6318\/revisions\/6701"}],"wp:attachment":[{"href":"https:\/\/campinglidosalpi.it\/fr\/wp-json\/wp\/v2\/media?parent=6318"}],"curies":[{"name":"wp","href":"https:\/\/api.w.org\/{rel}","templated":true}]}}