{"id":6310,"date":"2022-04-06T13:24:11","date_gmt":"2022-04-06T11:24:11","guid":{"rendered":"http:\/\/campinglidosalpi.it\/home\/"},"modified":"2022-07-04T12:10:03","modified_gmt":"2022-07-04T10:10:03","slug":"home","status":"publish","type":"page","link":"https:\/\/campinglidosalpi.it\/fr\/","title":{"rendered":"Home"},"content":{"rendered":"<div class=\"fusion-fullwidth fullwidth-box fusion-builder-row-1 fusion-flex-container nonhundred-percent-fullwidth non-hundred-percent-height-scrolling\" style=\"--awb-border-sizes-left:0px;--awb-border-sizes-right:0px;--awb-border-radius-top-left:0px;--awb-border-radius-top-right:0px;--awb-border-radius-bottom-right:0px;--awb-border-radius-bottom-left:0px;--awb-padding-top:3%;--awb-padding-right:18vw;--awb-padding-bottom:3%;--awb-padding-left:18vw;--awb-background-color:#f1f1f1;--awb-flex-wrap:wrap;\" ><div class=\"fusion-builder-row fusion-row fusion-flex-align-items-flex-start fusion-flex-content-wrap\" style=\"max-width:2080px;margin-left: calc(-4% \/ 2 );margin-right: calc(-4% \/ 2 );\"><div class=\"fusion-layout-column fusion_builder_column fusion-builder-column-0 fusion_builder_column_1_1 1_1 fusion-flex-column\" style=\"--awb-bg-size:cover;--awb-width-large:100%;--awb-margin-top-large:0px;--awb-spacing-right-large:1.92%;--awb-margin-bottom-large:20px;--awb-spacing-left-large:1.92%;--awb-width-medium:100%;--awb-order-medium:0;--awb-spacing-right-medium:1.92%;--awb-spacing-left-medium:1.92%;--awb-width-small:100%;--awb-order-small:0;--awb-spacing-right-small:1.92%;--awb-spacing-left-small:1.92%;\"><div class=\"fusion-column-wrapper fusion-column-has-shadow fusion-flex-justify-content-flex-start fusion-content-layout-column\"><div class=\"fusion-title title fusion-title-1 fusion-sep-none fusion-title-center fusion-title-text fusion-title-size-one\" style=\"--awb-text-color:#f97706;--awb-font-size:48px;\"><h1 class=\"fusion-title-heading title-heading-center\" style=\"font-family:&quot;Signika&quot;;font-style:normal;font-weight:400;margin:0;font-size:1em;text-transform:none;line-height:48px;\">Bienvenus das le Camping!<\/h1><\/div><div class=\"fusion-text fusion-text-1\" style=\"--awb-content-alignment:center;--awb-font-size:14px;--awb-line-height:14px;--awb-text-transform:none;--awb-text-color:var(--awb-color6);--awb-text-font-family:&quot;Signika&quot;;--awb-text-font-style:normal;--awb-text-font-weight:300;\"><p>Si tu veux passer des journ\u00e9es harmonieuses avec les couleurs de la nature, sous l\u2019ombre des eucaliptus salubres et des pins profum\u00e9s, avec la chaleur de la plage baign\u00e9e de l\u2019eau du Gargano. C\u2019est la place qui cherchent les gens qui sont d\u00e9concert\u00e9s pour le stress quotidien; les gens qui ne veulent pas renoncer au confort et au relax avec un impeccable service.<\/p>\n<\/div><div class=\"fusion-content-boxes content-boxes columns row fusion-columns-2 fusion-columns-total-2 fusion-content-boxes-1 content-boxes-icon-on-top content-left benvenuti_column\" style=\"--awb-margin-top:40px;--awb-margin-bottom:10px;--awb-hover-accent-color:rgba(242,243,245,0);--awb-circle-hover-accent-color:rgba(242,243,245,0);\" data-animationOffset=\"top-into-view\"><div style=\"--awb-backgroundcolor:rgba(255,255,255,0);--awb-iconcolor:var(--awb-color4);--awb-circle-hover-accent-color:transparent;\" class=\"fusion-column content-box-column content-box-column content-box-column-1 col-lg-6 col-md-6 col-sm-6 fusion-content-box-hover content-box-column-first-in-row\"><div class=\"col content-box-wrapper content-wrapper link-area-link-icon content-icon-wrapper-yes icon-hover-animation-none\" data-animationOffset=\"top-into-view\"><div class=\"heading heading-with-icon icon-left\"><div class=\"icon\"><span style=\"height:132px;width:132px;line-height:67px;border-color:#f97706;border-width:5px;border-style:solid;background-color:rgba(249,119,6,0);box-sizing:content-box;border-radius:50%;\"><i style=\"border-color:rgba(249,119,6,0);border-width:1px;background-color:rgba(255,255,255,0);box-sizing:content-box;height:130px;width:130px;line-height:130px;border-radius:50%;position:relative;top:auto;left:auto;margin:0;border-radius:50%;font-size:65px;\" aria-hidden=\"true\" class=\"fontawesome-icon fa-campground fas circle-yes\"><\/i><\/span><\/div><h2 class=\"content-box-heading\" style=\"--h2_typography-font-size:24px;line-height:29px;\">Visitez le Camping<\/h2><\/div><div class=\"fusion-clearfix\"><\/div><div class=\"content-container\">Visitez virtuellement le Camping Lido Salpi gr\u00e2ce \u00e0 la<br \/>\nphoto gallery, avec toutes les photos de la structure et des activit\u00e9s<br \/>\nqu\u2019ont lieu dans le camping!<\/p>\n<div class=\"button_link\"><a class=\"p_leggi orange trans\" title=\"Leggi Tutto\" href=\"\/fr\/camping\/\">Tout lire<\/a><\/div>\n<\/div><\/div><\/div><div style=\"--awb-backgroundcolor:rgba(255,255,255,0);--awb-iconcolor:var(--awb-color4);--awb-circle-hover-accent-color:transparent;\" class=\"fusion-column content-box-column content-box-column content-box-column-2 col-lg-6 col-md-6 col-sm-6 fusion-content-box-hover content-box-column-last content-box-column-last-in-row\"><div class=\"col content-box-wrapper content-wrapper link-area-link-icon content-icon-wrapper-yes icon-hover-animation-none\" data-animationOffset=\"top-into-view\"><div class=\"heading heading-with-icon icon-left\"><div class=\"icon\"><span style=\"height:132px;width:132px;line-height:67px;border-color:#f97706;border-width:5px;border-style:solid;background-color:rgba(249,119,6,0);box-sizing:content-box;border-radius:50%;\"><i style=\"border-color:rgba(249,119,6,0);border-width:1px;background-color:rgba(255,255,255,0);box-sizing:content-box;height:130px;width:130px;line-height:130px;border-radius:50%;position:relative;top:auto;left:auto;margin:0;border-radius:50%;font-size:65px;\" aria-hidden=\"true\" class=\"fontawesome-icon fa-store-alt fas circle-yes\"><\/i><\/span><\/div><h2 class=\"content-box-heading\" style=\"--h2_typography-font-size:24px;line-height:29px;\">Histoire<\/h2><\/div><div class=\"fusion-clearfix\"><\/div><div class=\"content-container\">\n<p>Le lac de Salpi, dans le d\u00e9partment de Foggia sur la cote sud du<br \/>\nGargano, de forme rectangulaire s\u00e9par\u00e9 de l&rsquo;adriatique par une \u00e9ntroite<br \/>\nlangue de terre, aux deux cotes duquel deux petites canaux le mettent<br \/>\nen communication avec la mer.<\/p>\n<div class=\"button_link\"><a class=\"p_leggi orange trans\" title=\"Leggi Tutto\" href=\"https:\/\/campinglidosalpi.it\/fr\/histoire\/\">Tout lire<\/a><\/div>\n<\/div><\/div><\/div><div class=\"fusion-clearfix\"><\/div><\/div><\/div><\/div><\/div><\/div>\n","protected":false},"excerpt":{"rendered":"","protected":false},"author":4,"featured_media":0,"parent":0,"menu_order":0,"comment_status":"closed","ping_status":"closed","template":"","meta":{"footnotes":""},"acf":[],"_links":{"self":[{"href":"https:\/\/campinglidosalpi.it\/fr\/wp-json\/wp\/v2\/pages\/6310"}],"collection":[{"href":"https:\/\/campinglidosalpi.it\/fr\/wp-json\/wp\/v2\/pages"}],"about":[{"href":"https:\/\/campinglidosalpi.it\/fr\/wp-json\/wp\/v2\/types\/page"}],"author":[{"embeddable":true,"href":"https:\/\/campinglidosalpi.it\/fr\/wp-json\/wp\/v2\/users\/4"}],"replies":[{"embeddable":true,"href":"https:\/\/campinglidosalpi.it\/fr\/wp-json\/wp\/v2\/comments?post=6310"}],"version-history":[{"count":6,"href":"https:\/\/campinglidosalpi.it\/fr\/wp-json\/wp\/v2\/pages\/6310\/revisions"}],"predecessor-version":[{"id":6718,"href":"https:\/\/campinglidosalpi.it\/fr\/wp-json\/wp\/v2\/pages\/6310\/revisions\/6718"}],"wp:attachment":[{"href":"https:\/\/campinglidosalpi.it\/fr\/wp-json\/wp\/v2\/media?parent=6310"}],"curies":[{"name":"wp","href":"https:\/\/api.w.org\/{rel}","templated":true}]}}