{"id":6437,"date":"2022-04-28T10:13:20","date_gmt":"2022-04-28T08:13:20","guid":{"rendered":"http:\/\/campinglidosalpi.it\/cenni-storici\/"},"modified":"2022-05-19T12:11:06","modified_gmt":"2022-05-19T10:11:06","slug":"geschichte","status":"publish","type":"page","link":"https:\/\/campinglidosalpi.it\/de\/geschichte\/","title":{"rendered":"Geschichte"},"content":{"rendered":"<div class=\"fusion-fullwidth fullwidth-box fusion-builder-row-1 fusion-flex-container nonhundred-percent-fullwidth non-hundred-percent-height-scrolling\" style=\"--awb-border-radius-top-left:0px;--awb-border-radius-top-right:0px;--awb-border-radius-bottom-right:0px;--awb-border-radius-bottom-left:0px;--awb-padding-right:18vw;--awb-padding-left:18vw;--awb-flex-wrap:wrap;\" ><div class=\"fusion-builder-row fusion-row fusion-flex-align-items-flex-start fusion-flex-content-wrap\" style=\"max-width:2080px;margin-left: calc(-4% \/ 2 );margin-right: calc(-4% \/ 2 );\"><div class=\"fusion-layout-column fusion_builder_column fusion-builder-column-0 fusion_builder_column_1_1 1_1 fusion-flex-column\" style=\"--awb-bg-size:cover;--awb-width-large:100%;--awb-margin-top-large:0px;--awb-spacing-right-large:1.92%;--awb-margin-bottom-large:20px;--awb-spacing-left-large:1.92%;--awb-width-medium:100%;--awb-order-medium:0;--awb-spacing-right-medium:1.92%;--awb-spacing-left-medium:1.92%;--awb-width-small:100%;--awb-order-small:0;--awb-spacing-right-small:1.92%;--awb-spacing-left-small:1.92%;\"><div class=\"fusion-column-wrapper fusion-column-has-shadow fusion-flex-justify-content-flex-start fusion-content-layout-column\"><div class=\"fusion-title title fusion-title-1 fusion-sep-none fusion-title-center fusion-title-text fusion-title-size-two\" style=\"--awb-text-color:var(--awb-color4);--awb-font-size:30px;\"><h2 class=\"fusion-title-heading title-heading-center\" style=\"font-family:&quot;Signika&quot;;font-style:normal;font-weight:300;margin:0;font-size:1em;\">Warum SALPI<\/h2><\/div><div class=\"fusion-title title fusion-title-2 fusion-sep-none fusion-title-center fusion-title-text fusion-title-size-three\" style=\"--awb-text-color:#8d8d8d;--awb-margin-bottom:30px;--awb-font-size:24px;\"><h3 class=\"fusion-title-heading title-heading-center\" style=\"font-family:&quot;Signika&quot;;font-style:normal;font-weight:400;margin:0;font-size:1em;\">Ihr Urlaub in sch\u00f6ne Orte.<\/h3><\/div><div class=\"fusion-image-carousel fusion-image-carousel-auto fusion-image-carousel-1 fusion-carousel-border\"><div class=\"awb-carousel awb-swiper awb-swiper-carousel\" data-autoplay=\"no\" data-columns=\"2\" data-itemmargin=\"10\" data-itemwidth=\"180\" data-touchscroll=\"no\" data-imagesize=\"auto\" style=\"--awb-columns:2;--awb-column-spacing:10px;\"><div class=\"swiper-wrapper awb-image-carousel-wrapper fusion-flex-align-items-center\"><div class=\"swiper-slide\"><div class=\"fusion-carousel-item-wrapper\"><div class=\"fusion-image-wrapper hover-type-none\"><img decoding=\"async\" width=\"470\" height=\"235\" src=\"https:\/\/campinglidosalpi.it\/wp-content\/uploads\/2022\/04\/img_interna03.jpg\" class=\"attachment-full size-full\" alt=\"\" srcset=\"https:\/\/campinglidosalpi.it\/wp-content\/uploads\/2022\/04\/img_interna03-200x100.jpg 200w, https:\/\/campinglidosalpi.it\/wp-content\/uploads\/2022\/04\/img_interna03-400x200.jpg 400w, https:\/\/campinglidosalpi.it\/wp-content\/uploads\/2022\/04\/img_interna03.jpg 470w\" sizes=\"(min-width: 2200px) 100vw, (min-width: 712px) 784px, (min-width: 640px) 712px, \" \/><\/div><\/div><\/div><div class=\"swiper-slide\"><div class=\"fusion-carousel-item-wrapper\"><div class=\"fusion-image-wrapper hover-type-none\"><img decoding=\"async\" width=\"470\" height=\"235\" src=\"https:\/\/campinglidosalpi.it\/wp-content\/uploads\/2022\/04\/img_interna04.jpg\" class=\"attachment-full size-full\" alt=\"\" srcset=\"https:\/\/campinglidosalpi.it\/wp-content\/uploads\/2022\/04\/img_interna04-200x100.jpg 200w, https:\/\/campinglidosalpi.it\/wp-content\/uploads\/2022\/04\/img_interna04-400x200.jpg 400w, https:\/\/campinglidosalpi.it\/wp-content\/uploads\/2022\/04\/img_interna04.jpg 470w\" sizes=\"(min-width: 2200px) 100vw, (min-width: 712px) 784px, (min-width: 640px) 712px, \" \/><\/div><\/div><\/div><\/div><\/div><\/div><div class=\"fusion-text fusion-text-1\" style=\"--awb-content-alignment:justify;--awb-font-size:18px;--awb-line-height:30px;--awb-text-transform:none;--awb-text-color:var(--awb-color6);--awb-text-font-family:&quot;Signika&quot;;--awb-text-font-style:normal;--awb-text-font-weight:300;\"><p>Der See Salpi in der Provinz Foggia an der S\u00fcdk\u00fcste des Gargano, von rechteckiger Form wird von der Adria durch einen schmalen Landstreifen abgetrennt. Zwei kleine Kan\u00e4le verbinden den See mit dem Meer. Seine Fl\u00e4che betrug etwa 37 Quadratkilometern, mit der Rekultivierung des letzten Jahrhunderts hat sich diese erheblich reduziert. Das Land erholt sich mit dem R\u00fcckgang der Saline Margherita von Savoyen und kleineren landwirtschaftlichen Kulturen. Das Westufer gegen\u00fcber dem Meer wurde einst von W\u00e4ldern bedeckt. Der Name &#8218;Salpi&#8216; stammt von Friedrich II, aus dem Namen der antiken Stadt Apuliens &#8218;Salapia&#8216;, die am S\u00fcdufer des Sees lag.<\/p>\n<p>Die Gr\u00fcndung dieser Stadt wird der Legende des Diomede zugeschrieben. Die Stadt Salapia zun\u00e4chst entstand auf der Landzunge zwischen dem See und dem Meer, dann wurde diese wegen Malaria verlassen und sp\u00e4ter wahrscheinlich im zweiten Jahrhundert vor Christus an der westlichen Ecke des Sees wieder aufgebaut. Salapia, wird auch im Zusammenhang mit dem Zweiten Punischen Krieg erw\u00e4hnt, in dem es sechs Jahre von den Karthagern besetzt worden war.<\/p>\n<\/div><\/div><\/div><\/div><\/div>\n","protected":false},"excerpt":{"rendered":"","protected":false},"author":4,"featured_media":0,"parent":0,"menu_order":0,"comment_status":"closed","ping_status":"closed","template":"","meta":{"footnotes":""},"acf":[],"_links":{"self":[{"href":"https:\/\/campinglidosalpi.it\/de\/wp-json\/wp\/v2\/pages\/6437"}],"collection":[{"href":"https:\/\/campinglidosalpi.it\/de\/wp-json\/wp\/v2\/pages"}],"about":[{"href":"https:\/\/campinglidosalpi.it\/de\/wp-json\/wp\/v2\/types\/page"}],"author":[{"embeddable":true,"href":"https:\/\/campinglidosalpi.it\/de\/wp-json\/wp\/v2\/users\/4"}],"replies":[{"embeddable":true,"href":"https:\/\/campinglidosalpi.it\/de\/wp-json\/wp\/v2\/comments?post=6437"}],"version-history":[{"count":1,"href":"https:\/\/campinglidosalpi.it\/de\/wp-json\/wp\/v2\/pages\/6437\/revisions"}],"predecessor-version":[{"id":6443,"href":"https:\/\/campinglidosalpi.it\/de\/wp-json\/wp\/v2\/pages\/6437\/revisions\/6443"}],"wp:attachment":[{"href":"https:\/\/campinglidosalpi.it\/de\/wp-json\/wp\/v2\/media?parent=6437"}],"curies":[{"name":"wp","href":"https:\/\/api.w.org\/{rel}","templated":true}]}}