{"id":6346,"date":"2022-04-06T13:30:08","date_gmt":"2022-04-06T11:30:08","guid":{"rendered":"http:\/\/campinglidosalpi.it\/animazione\/"},"modified":"2022-05-19T12:00:45","modified_gmt":"2022-05-19T10:00:45","slug":"animation","status":"publish","type":"page","link":"https:\/\/campinglidosalpi.it\/de\/animation\/","title":{"rendered":"Animation"},"content":{"rendered":"<div class=\"fusion-fullwidth fullwidth-box fusion-builder-row-1 fusion-flex-container nonhundred-percent-fullwidth non-hundred-percent-height-scrolling\" style=\"--awb-border-radius-top-left:0px;--awb-border-radius-top-right:0px;--awb-border-radius-bottom-right:0px;--awb-border-radius-bottom-left:0px;--awb-padding-right:18vw;--awb-padding-left:18vw;--awb-flex-wrap:wrap;\" ><div class=\"fusion-builder-row fusion-row fusion-flex-align-items-flex-start fusion-flex-content-wrap\" style=\"max-width:2080px;margin-left: calc(-4% \/ 2 );margin-right: calc(-4% \/ 2 );\"><div class=\"fusion-layout-column fusion_builder_column fusion-builder-column-0 fusion_builder_column_1_1 1_1 fusion-flex-column\" style=\"--awb-bg-size:cover;--awb-width-large:100%;--awb-margin-top-large:0px;--awb-spacing-right-large:1.92%;--awb-margin-bottom-large:20px;--awb-spacing-left-large:1.92%;--awb-width-medium:100%;--awb-order-medium:0;--awb-spacing-right-medium:1.92%;--awb-spacing-left-medium:1.92%;--awb-width-small:100%;--awb-order-small:0;--awb-spacing-right-small:1.92%;--awb-spacing-left-small:1.92%;\"><div class=\"fusion-column-wrapper fusion-column-has-shadow fusion-flex-justify-content-flex-start fusion-content-layout-column\"><div class=\"fusion-title title fusion-title-1 fusion-sep-none fusion-title-center fusion-title-text fusion-title-size-two\" style=\"--awb-text-color:var(--awb-color4);--awb-font-size:30px;\"><h2 class=\"fusion-title-heading title-heading-center\" style=\"font-family:&quot;Signika&quot;;font-style:normal;font-weight:300;margin:0;font-size:1em;\">Der Campingplatz Lido Salpi hat eine professionelle Personal der Animation dass organisiert t\u00e4glich der Vergn\u00fcgen f\u00fcr die G\u00e4ste.<\/h2><\/div><div class=\"fusion-image-carousel fusion-image-carousel-auto fusion-image-carousel-1 fusion-carousel-border\"><div class=\"awb-carousel awb-swiper awb-swiper-carousel\" data-autoplay=\"no\" data-columns=\"2\" data-itemmargin=\"10\" data-itemwidth=\"180\" data-touchscroll=\"no\" data-imagesize=\"auto\" style=\"--awb-columns:2;--awb-column-spacing:10px;\"><div class=\"swiper-wrapper awb-image-carousel-wrapper fusion-flex-align-items-center\"><div class=\"swiper-slide\"><div class=\"fusion-carousel-item-wrapper\"><div class=\"fusion-image-wrapper hover-type-none\"><img decoding=\"async\" width=\"470\" height=\"235\" src=\"https:\/\/campinglidosalpi.it\/wp-content\/uploads\/2022\/04\/img_animazione03.jpg\" class=\"attachment-full size-full\" alt=\"\" srcset=\"https:\/\/campinglidosalpi.it\/wp-content\/uploads\/2022\/04\/img_animazione03-200x100.jpg 200w, https:\/\/campinglidosalpi.it\/wp-content\/uploads\/2022\/04\/img_animazione03-400x200.jpg 400w, https:\/\/campinglidosalpi.it\/wp-content\/uploads\/2022\/04\/img_animazione03.jpg 470w\" sizes=\"(min-width: 2200px) 100vw, (min-width: 712px) 784px, (min-width: 640px) 712px, \" \/><\/div><\/div><\/div><div class=\"swiper-slide\"><div class=\"fusion-carousel-item-wrapper\"><div class=\"fusion-image-wrapper hover-type-none\"><img decoding=\"async\" width=\"470\" height=\"235\" src=\"https:\/\/campinglidosalpi.it\/wp-content\/uploads\/2022\/04\/img_animazione04.jpg\" class=\"attachment-full size-full\" alt=\"\" srcset=\"https:\/\/campinglidosalpi.it\/wp-content\/uploads\/2022\/04\/img_animazione04-200x100.jpg 200w, https:\/\/campinglidosalpi.it\/wp-content\/uploads\/2022\/04\/img_animazione04-400x200.jpg 400w, https:\/\/campinglidosalpi.it\/wp-content\/uploads\/2022\/04\/img_animazione04.jpg 470w\" sizes=\"(min-width: 2200px) 100vw, (min-width: 712px) 784px, (min-width: 640px) 712px, \" \/><\/div><\/div><\/div><\/div><\/div><\/div><div class=\"fusion-text fusion-text-1\" style=\"--awb-content-alignment:justify;--awb-font-size:18px;--awb-line-height:30px;--awb-text-transform:none;--awb-text-color:var(--awb-color6);--awb-text-font-family:&quot;Signika&quot;;--awb-text-font-style:normal;--awb-text-font-weight:300;\"><p>Wir beginnen den Morgen mit der Wecker!ein am\u00fcsantes Moment f\u00fcr die Kunden schl\u00e4frigen, und jetzt alle zusammen am Strand f\u00fcr beginnen den Tag mit Muskel-Aktivit\u00e4t, acquagym, Tanz-Gruppe und andere Spiele.<\/p>\n<p>Kinder sind an die Animation anvertrauten Mini Club.Am Morgen gibt es Turniere , Schatzsuche und baby dance.<\/p>\n<p>Am Nachmittag gibt es viele Veranstaltungen und Turniere. Die G\u00e4ste m\u00fcssen nur w\u00e4hlen und das Spiel starten!<\/p>\n<p>Die Nacht ist jung! Die besten Tanz-Lehrer erwarten Sie, mit den lateinamerikanischen T\u00e4nz und Gesellschaftstanz. W\u00e4hrend des Abends<\/p>\n<p>gibt es Spiele mit Preisen und die Unterhaltung mit Kabarett, Musicals und Karaoke F\u00fcr die jungen Leute gibt es das Beach party zu tanzen am Strand mit den besten DJ.<\/p>\n<\/div><div class=\"fusion-title title fusion-title-2 fusion-sep-none fusion-title-text fusion-title-size-two\" style=\"--awb-text-color:var(--awb-color4);--awb-font-size:30px;\"><h2 class=\"fusion-title-heading title-heading-left\" style=\"font-family:&quot;Signika&quot;;font-style:normal;font-weight:300;margin:0;font-size:1em;\">Der Tag f\u00fcr Erwachsene und Kinder:<\/h2><\/div><div class=\"fusion-text fusion-text-2\" style=\"--awb-content-alignment:justify;--awb-font-size:18px;--awb-line-height:30px;--awb-text-transform:none;--awb-text-color:var(--awb-color6);--awb-text-font-family:&quot;Signika&quot;;--awb-text-font-style:normal;--awb-text-font-weight:300;\"><div class=\"container\">\n<div class=\"contPage\">\n<p><strong>T\u00c4GLICHEN AKTIVIT\u00c4TEN F\u00dcR ERWACHSENE<\/strong><br \/>\n&#8211; Gymnastik<br \/>\n&#8211; Acquagym<br \/>\n&#8211; Verschiedene Spiele und Turniere<\/p>\n<p><strong>T\u00c4GLICHEN AKTIVIT\u00c4TEN F\u00dcR KINDER<\/strong><br \/>\n&#8211; Miniclub jeden Tag (09,30 &#8211; 12.30 Uhr und 16.00 &#8211; 19.00 Uhr f\u00fcr Kinder von 5 bis 12 Jahren)<br \/>\n&#8211; Verschiedene Spiele und Turniere<br \/>\n&#8211; Spiele und Tanzen im Wasser<br \/>\n&#8211; Schatzsuche<\/p>\n<p><strong>ABENDLICHEN AKTIVIT\u00c4TEN F\u00dcR ERWACHSENE<\/strong><br \/>\n&#8211; Lateinamerikanischen T\u00e4nze mit D.J. oder Live-Musik<br \/>\n&#8211; lateinamerikanischen T\u00e4nz und Gesellschaftstanz mit die besten Tanz-Lehrer<br \/>\n&#8211; Diskothek<br \/>\n&#8211; Beach party<br \/>\n&#8211; Cabaret<br \/>\n&#8211; Schauspielen<\/p>\n<p><strong>ABENDLICHEN AKTIVIT\u00c4TEN F\u00dcR KINDER<\/strong><br \/>\n&#8211; Baby dance<br \/>\n&#8211; Schauspielen<br \/>\n&#8211; Feste und Vergn\u00fcgen<\/p>\n<\/div>\n<\/div>\n<\/div><\/div><\/div><\/div><\/div>\n","protected":false},"excerpt":{"rendered":"","protected":false},"author":3,"featured_media":0,"parent":0,"menu_order":0,"comment_status":"closed","ping_status":"closed","template":"","meta":{"footnotes":""},"acf":[],"_links":{"self":[{"href":"https:\/\/campinglidosalpi.it\/de\/wp-json\/wp\/v2\/pages\/6346"}],"collection":[{"href":"https:\/\/campinglidosalpi.it\/de\/wp-json\/wp\/v2\/pages"}],"about":[{"href":"https:\/\/campinglidosalpi.it\/de\/wp-json\/wp\/v2\/types\/page"}],"author":[{"embeddable":true,"href":"https:\/\/campinglidosalpi.it\/de\/wp-json\/wp\/v2\/users\/3"}],"replies":[{"embeddable":true,"href":"https:\/\/campinglidosalpi.it\/de\/wp-json\/wp\/v2\/comments?post=6346"}],"version-history":[{"count":2,"href":"https:\/\/campinglidosalpi.it\/de\/wp-json\/wp\/v2\/pages\/6346\/revisions"}],"predecessor-version":[{"id":6352,"href":"https:\/\/campinglidosalpi.it\/de\/wp-json\/wp\/v2\/pages\/6346\/revisions\/6352"}],"wp:attachment":[{"href":"https:\/\/campinglidosalpi.it\/de\/wp-json\/wp\/v2\/media?parent=6346"}],"curies":[{"name":"wp","href":"https:\/\/api.w.org\/{rel}","templated":true}]}}