{"id":6328,"date":"2022-04-06T13:25:58","date_gmt":"2022-04-06T11:25:58","guid":{"rendered":"http:\/\/campinglidosalpi.it\/dove-siamo\/"},"modified":"2022-06-09T16:19:34","modified_gmt":"2022-06-09T14:19:34","slug":"dove-siamo","status":"publish","type":"page","link":"https:\/\/campinglidosalpi.it\/de\/standort\/","title":{"rendered":"Standort"},"content":{"rendered":"<div class=\"fusion-fullwidth fullwidth-box fusion-builder-row-1 fusion-flex-container nonhundred-percent-fullwidth non-hundred-percent-height-scrolling\" style=\"--awb-border-radius-top-left:0px;--awb-border-radius-top-right:0px;--awb-border-radius-bottom-right:0px;--awb-border-radius-bottom-left:0px;--awb-padding-right:18vw;--awb-padding-left:18vw;--awb-flex-wrap:wrap;\" ><div class=\"fusion-builder-row fusion-row fusion-flex-align-items-flex-start fusion-flex-content-wrap\" style=\"max-width:2080px;margin-left: calc(-4% \/ 2 );margin-right: calc(-4% \/ 2 );\"><div class=\"fusion-layout-column fusion_builder_column fusion-builder-column-0 fusion_builder_column_1_1 1_1 fusion-flex-column\" style=\"--awb-bg-size:cover;--awb-width-large:100%;--awb-margin-top-large:0px;--awb-spacing-right-large:1.92%;--awb-margin-bottom-large:20px;--awb-spacing-left-large:1.92%;--awb-width-medium:100%;--awb-order-medium:0;--awb-spacing-right-medium:1.92%;--awb-spacing-left-medium:1.92%;--awb-width-small:100%;--awb-order-small:0;--awb-spacing-right-small:1.92%;--awb-spacing-left-small:1.92%;\"><div class=\"fusion-column-wrapper fusion-column-has-shadow fusion-flex-justify-content-flex-start fusion-content-layout-column\"><div class=\"fusion-text fusion-text-1\" style=\"--awb-font-size:18px;--awb-text-transform:none;--awb-text-color:var(--awb-color6);--awb-text-font-family:&quot;Signika&quot;;--awb-text-font-style:normal;--awb-text-font-weight:300;\"><p>Der Campingplatz Lido Salpi liegt in der Provinz Foggia, knapp unterhalb des Vorgebirges des Gargano, direkt an der K\u00fcste s\u00fcdlich von Manfredonia und Margarethe von Savoyen. Im Herzen der Ebene von Siponto, am Ufer des sch\u00f6nen Meeres des Gargano, am Ufer des Sees Salty (Naturschutzgebiet des Nationalparks Gargano).<\/p>\n<p><strong>Camping Lido Salpi<\/strong><br \/>\nex S.S. 159 delle Saline Km 6,200<br \/>\n71043 Manfredonia &#8211; Riviera Sud<br \/>\n<strong>Rec.Pos.:<\/strong> Via Orto Sdanga, 96<br \/>\n<strong>Fax:<\/strong> 0884-571842<br \/>\n<strong>Tel:<\/strong> 0884.571160<\/p>\n<p><strong>GPS:<\/strong> E 15\u00b0 53\u2019 17\u201d &#8211; N 41\u00b0 33\u2019 17&#8243;<br \/>\n<strong>Indicazioni per Google Maps:<\/strong> 41.555352,15.895586<\/p>\n<\/div>\t\t\t\t\t<script type=\"text\/javascript\">\n\t\t\t\t\t\tvar map_fusion_map_69deeee2465d5;\n\t\t\t\t\t\tvar markers = [];\n\t\t\t\t\t\tvar counter = 0;\n\t\t\t\t\t\t\t\t\t\t\t\t\t\t\t\t\t\t\t\tvar fusionMapNonce = '50b3cb6b2f';\n\t\t\t\t\t\t\t\t\t\t\t\tfunction fusion_run_map_fusion_map_69deeee2465d5() {\n\t\t\t\t\t\t\tjQuery('#fusion_map_69deeee2465d5').fusion_maps({\n\t\t\t\t\t\t\t\taddresses: [{\"address\":\"41.555352,15.895586\",\"infobox_content\":\"\",\"coordinates\":true,\"latitude\":\"41.555352\",\"longitude\":\"15.895586\",\"cache\":true,\"geocoded_address\":\"41.555352,15.895586\"}],\n\t\t\t\t\t\t\t\tanimations: false,\n\t\t\t\t\t\t\t\tinfobox_background_color: '',\n\t\t\t\t\t\t\t\tinfobox_styling: 'default',\n\t\t\t\t\t\t\t\tinfobox_text_color: '',\n\t\t\t\t\t\t\t\tmap_style: 'default',\n\t\t\t\t\t\t\t\tmap_type: 'roadmap',\n\t\t\t\t\t\t\t\tmarker_icon: '',\n\t\t\t\t\t\t\t\toverlay_color: '',\n\t\t\t\t\t\t\t\toverlay_color_hsl: {\"hue\":0,\"sat\":0,\"lum\":100},\n\t\t\t\t\t\t\t\tpan_control: true,\n\t\t\t\t\t\t\t\tshow_address: true,\n\t\t\t\t\t\t\t\tscale_control: true,\n\t\t\t\t\t\t\t\tscrollwheel: false,\n\t\t\t\t\t\t\t\tzoom: 16,\n\t\t\t\t\t\t\t\tzoom_control: true,\n\t\t\t\t\t\t\t});\n\t\t\t\t\t\t}\n\n\t\t\t\t\t\tgoogle.maps.event.addDomListener(window, 'load', fusion_run_map_fusion_map_69deeee2465d5);\n\t\t\t\t\t<\/script>\n\t\t\t\t\t<div class=\"shortcode-map fusion-google-map fusion-maps-js-type\" style=\"--awb-height:460px;\" id=\"fusion_map_69deeee2465d5\"><\/div><div class=\"fusion-title title fusion-title-1 fusion-sep-none fusion-title-text fusion-title-size-six\" style=\"--awb-text-color:var(--awb-color4);--awb-margin-top:30px;--awb-font-size:18px;\"><h6 class=\"fusion-title-heading title-heading-left\" style=\"font-family:&quot;Signika&quot;;font-style:normal;font-weight:300;margin:0;font-size:1em;\">WIE KOMMT MAN NACH CAMPING LIDO SALPI.<\/h6><\/div><div class=\"fusion-title title fusion-title-2 fusion-sep-none fusion-title-text fusion-title-size-six\" style=\"--awb-text-color:var(--awb-color4);--awb-font-size:18px;\"><h6 class=\"fusion-title-heading title-heading-left\" style=\"font-family:&quot;Signika&quot;;font-style:normal;font-weight:300;margin:0;font-size:1em;\">AUTOBAHNEN:<\/h6><\/div><div class=\"fusion-text fusion-text-2\" style=\"--awb-font-size:18px;--awb-text-transform:none;--awb-text-color:var(--awb-color6);--awb-text-font-family:&quot;Signika&quot;;--awb-text-font-style:normal;--awb-text-font-weight:300;\"><p>* Vom Norden \u2013 A14 (Bologna \u2013 Bari), Nehmen Sie die Ausfahrt Foggia und fahren auf die SS89 Foggia \u2013 Manfredonia. Nach ca. 30 km nehmen Sie die Ausfahrt Manfredonia Riviera Sud, fahren auf die SP141 (ex SS159) In Richtung Margherita die Savona. Nach ca. 6,2 km ist auf der linken Seite die Zufahrt zum Campingplatz LIDO SALPI.<\/p>\n<p>* Vom Zentrum \u2013 A16 \/Napoli \u2013 Foggia), Nehmen Sie die Ausfahrt Candela und fahren auf die SS655 Richtung Foggia. Nach ca. 30 km kommen Sie auf die Umfahrungsstrasse von Foggia und Wechseln auf die SS89 Foggia \u2013 Manfredonia, nach weiteren 30 km nehmen Sie die Ausfahrt Riviera Sud und fahren weiter auf die SP141 (ex SS159) in Richtung Margherita die Savoia. Nach ca 6,2 km ist auf der linken Seite die Zufahrt zum Campingplatz LIDO SALPI.<\/p>\n<p>* Vom Sueden \u2013 A14 (Bari \u2013 Bologna), Nehmen Sie die Ausfahrt Cerignola Est und fahren auf die SS545 Cerignola \u2013 Manfredonia. Nach ca 18 km wechseln Sie auf die SP 141 (ex SS159) Zapponata \u2013 Manfredonia. Nach ca. 8 km ist auf der rechten Seite die Zufahrt zum Campingplatz LIDO SALPI.<\/p>\n<\/div><div class=\"fusion-title title fusion-title-3 fusion-sep-none fusion-title-text fusion-title-size-six\" style=\"--awb-text-color:var(--awb-color4);--awb-font-size:18px;\"><h6 class=\"fusion-title-heading title-heading-left\" style=\"font-family:&quot;Signika&quot;;font-style:normal;font-weight:300;margin:0;font-size:1em;\">ZUG:<\/h6><\/div><div class=\"fusion-text fusion-text-3\" style=\"--awb-font-size:18px;--awb-text-transform:none;--awb-text-color:var(--awb-color6);--awb-text-font-family:&quot;Signika&quot;;--awb-text-font-style:normal;--awb-text-font-weight:300;\"><p>* Aus allen Richtungen &#8211; Steigen Sie am Bahnhof Foggia aus, nehmen einen weiteren Zug oder Autobus nach Manfredonia und steigen bei der Haltestelle Siponto aus. Rufen Sie uns an: 0884\/571160 um Ihre Ankunft anzukuendigen, wir werden Sie abholen.<\/p>\n<\/div><div class=\"fusion-title title fusion-title-4 fusion-sep-none fusion-title-text fusion-title-size-six\" style=\"--awb-text-color:var(--awb-color4);--awb-font-size:18px;\"><h6 class=\"fusion-title-heading title-heading-left\" style=\"font-family:&quot;Signika&quot;;font-style:normal;font-weight:300;margin:0;font-size:1em;\">FLUGZEUG:<\/h6><\/div><div class=\"fusion-text fusion-text-4\" style=\"--awb-font-size:18px;--awb-text-transform:none;--awb-text-color:var(--awb-color6);--awb-text-font-family:&quot;Signika&quot;;--awb-text-font-style:normal;--awb-text-font-weight:300;\"><p>* Flughafen Bari Palese, Nehmen Sie die oeffentlichen Verkehrsmittel oder Taxi nach Manfredonia<br \/>\n* Flughafen Foggia \u201c GINO LISA \u201d, Nehmen Sie die oeffentlichen Verkehrsmittel nach Manfredonia.<\/p>\n<\/div><\/div><\/div><\/div><\/div>\n","protected":false},"excerpt":{"rendered":"","protected":false},"author":4,"featured_media":0,"parent":0,"menu_order":0,"comment_status":"closed","ping_status":"closed","template":"","meta":{"footnotes":""},"acf":[],"_links":{"self":[{"href":"https:\/\/campinglidosalpi.it\/de\/wp-json\/wp\/v2\/pages\/6328"}],"collection":[{"href":"https:\/\/campinglidosalpi.it\/de\/wp-json\/wp\/v2\/pages"}],"about":[{"href":"https:\/\/campinglidosalpi.it\/de\/wp-json\/wp\/v2\/types\/page"}],"author":[{"embeddable":true,"href":"https:\/\/campinglidosalpi.it\/de\/wp-json\/wp\/v2\/users\/4"}],"replies":[{"embeddable":true,"href":"https:\/\/campinglidosalpi.it\/de\/wp-json\/wp\/v2\/comments?post=6328"}],"version-history":[{"count":3,"href":"https:\/\/campinglidosalpi.it\/de\/wp-json\/wp\/v2\/pages\/6328\/revisions"}],"predecessor-version":[{"id":6566,"href":"https:\/\/campinglidosalpi.it\/de\/wp-json\/wp\/v2\/pages\/6328\/revisions\/6566"}],"wp:attachment":[{"href":"https:\/\/campinglidosalpi.it\/de\/wp-json\/wp\/v2\/media?parent=6328"}],"curies":[{"name":"wp","href":"https:\/\/api.w.org\/{rel}","templated":true}]}}